{"id":64,"date":"2024-05-15T08:25:21","date_gmt":"2024-05-15T08:25:21","guid":{"rendered":"https:\/\/rostocktrelleborg.com\/da\/?page_id=64"},"modified":"2024-05-15T08:57:55","modified_gmt":"2024-05-15T08:57:55","slug":"stena-line","status":"publish","type":"page","link":"https:\/\/rostocktrelleborg.com\/da\/stena-line\/","title":{"rendered":"Stena Line Rostock Trelleborg f\u00e6rgeoverfart"},"content":{"rendered":"\n<p>Stena Line er en af \u200b\u200bde f\u00e6rgeruter, der tilbyder f\u00e6rgeoverfarten mellem Rostock og Trelleborg. F\u00e6rgeselskabet sejler tre gange om dagen, og du kan bestille en billet fra 49 euro. P\u00e5 denne side finder du alt om overfarten mellem Rostock og Trelleborg med Stena Line.<\/p>\n\n\n\n<h2 class=\"wp-block-heading\">Information om f\u00e6rgeoverfarten<\/h2>\n\n\n\n<p>Stena Line f\u00e6rgeoverfarten tager cirka 6 timer, hvilket er det samme som <a href=\"https:\/\/rostocktrelleborg.com\/da\/tt-line\/\">f\u00e6rgeoverfarten med TT Line<\/a>. Ruten har en samlet l\u00e6ngde p\u00e5 150 kilometer.<\/p>\n\n\n\n<p>Stena Line sejler mellem Rostock og Trelleborg tre gange dagligt. Se de aktuelle Stena Line sejltider i <a href=\"https:\/\/rostocktrelleborg.com\/da\/sejltid\/\">Rostock Trelleborg sejltid<\/a>.<\/p>\n\n\n\n<h2 class=\"wp-block-heading\">Stena Line sejler mellem Rostock og Trelleborg<\/h2>\n\n\n\n<p>Stena Line bruger flere f\u00e6rger til overfarten mellem Rostock og Trelleborg. Det drejer sig om Sk\u00e5ne og Mecklenburg Vorpommern. Selvom der er tale om forskellige skibe, er faciliteterne om bord stort set de samme:<\/p>\n\n\n\n<ul class=\"wp-block-list\">\n<li>Restaurant<\/li>\n\n\n\n<li>butik<\/li>\n\n\n\n<li>Sold\u00e6k<\/li>\n\n\n\n<li>Sovekabiner (med aircondition)<\/li>\n\n\n\n<li>Stole<\/li>\n\n\n\n<li>Gratis WIFI<\/li>\n\n\n\n<li>Spilleautomater<\/li>\n<\/ul>\n\n\n\n<h2 class=\"wp-block-heading\">Rejser med et k\u00e6ledyr med Stena Line<\/h2>\n\n\n\n<p>Planl\u00e6gger du at rejse med et k\u00e6ledyr mellem Rostock og Trelleborg? S\u00e5 se reglerne omkring boligeftersyn hos Stena Line nedenfor.<\/p>\n\n\n\n<ul class=\"wp-block-list\">\n<li>K\u00e6ledyr er ikke tilladt p\u00e5 offentlige omr\u00e5der<\/li>\n\n\n\n<li>K\u00e6ledyr skal bestilles inden rejsen<\/li>\n\n\n\n<li>K\u00e6ledyr skal have de n\u00f8dvendige vaccinationer og papirer<\/li>\n\n\n\n<li>Hj\u00e6lpehunde har fri rejse og fuld adgang til passageromr\u00e5derne<\/li>\n<\/ul>\n\n\n\n<p>Kontakt din dyrl\u00e6ge for mere information om de n\u00f8dvendige vaccinationer og dokumenter. Se ogs\u00e5 de g\u00e6ldende svenske landbrugsbestemmelser p\u00e5 <a href=\"https:\/\/jordbruksverket.se\/languages\/english\/swedish-board-of-agriculture\/animals\/pets---trade-and-travel\" target=\"_blank\" rel=\"noreferrer noopener\">\u2197jordburksverket.se<\/a>.<\/p>\n\n\n\n<h2 class=\"wp-block-heading\">Stena Line priser<\/h2>\n\n\n\n<p>Hvad du betaler for overfarten med Stena Line afh\u00e6nger af en r\u00e6kke faktorer. Antallet af passagerer spiller en rolle, ligesom den type k\u00f8ret\u00f8j du rejser med. F\u00f8lgende faktorer p\u00e5virker prisen:<\/p>\n\n\n\n<ul class=\"wp-block-list\">\n<li>Antal passagerer (voksne, b\u00f8rn)<\/li>\n\n\n\n<li>K\u00f8ret\u00f8jstypen<\/li>\n\n\n\n<li>Type billet (retur eller enkelt)<\/li>\n\n\n\n<li>Ekstraudstyr ombord (kahytter, s\u00e6der)<\/li>\n<\/ul>\n\n\n\n<p>Stena Line tilbyder ogs\u00e5 s\u00e6rlige billetter, hvor du fleksibelt kan \u00e6ndre billetten til eksempelvis forskellige datoer. Disse s\u00e5kaldte Flexi-billetter er dyrere end almindelige Economy-billetter.<\/p>\n\n\n\n<p>Se mere information om <a href=\"https:\/\/rostocktrelleborg.com\/da\/priser\/\">priserne p\u00e5 Rostock Trelleborg overfarten<\/a>.<\/p>\n\n\n\n<h2 class=\"wp-block-heading\">Stena Line kontakt- og adresseoplysninger<\/h2>\n\n\n\n<p>For sp\u00f8rgsm\u00e5l om overfarten med Stena Line eller om en allerede foretaget reservation, kan du kontakte Stena Line p\u00e5 forskellige m\u00e5der:<\/p>\n\n\n\n<ul class=\"wp-block-list\">\n<li>Hjemmeside: <a href=\"https:\/\/rostocktrelleborg.com\/da\/go\/stena\" target=\"_blank\" rel=\"noreferrer noopener\">\u2197https:\/\/www.stenaline.da\/<\/a><\/li>\n\n\n\n<li>Telefonnummer: +31 174 315 811 (mandag til fredag \u200b\u200bfra kl. 9.00 til 17.00)<\/li>\n\n\n\n<li>Adresse i Holland: Stationsweg 10, 3151 HS Hoek van Holland<\/li>\n<\/ul>\n\n\n\n<h3 class=\"wp-block-heading\">Stena Line terminal detaljer<\/h3>\n\n\n\n<p>Stena Lines terminaler findes i Rostock havn og Trelleborg havn. \u00c5bningstiderne og kontaktoplysningerne for Stena Lines terminaler varierer fra havn til havn:<\/p>\n\n\n\n<ul class=\"wp-block-list\">\n<li>Stena Line terminal Rostock havn<\/li>\n\n\n\n<li>Stena Line terminal Trelleborg havn<\/li>\n<\/ul>\n\n\n\n<p>For faciliteter og rutevejledning har vi en informationsside for <a href=\"https:\/\/rostocktrelleborg.com\/da\/rostock-havn\/\">Rostock havn<\/a> og <a href=\"https:\/\/rostocktrelleborg.com\/da\/trelleborg-havn\/\">Trelleborg havn<\/a>.<\/p>\n","protected":false},"excerpt":{"rendered":"<p>Stena Line er en af \u200b\u200bde f\u00e6rgeruter, der tilbyder f\u00e6rgeoverfarten mellem Rostock og Trelleborg. F\u00e6rgeselskabet sejler tre gange om dagen, [&hellip;]<\/p>\n","protected":false},"author":2,"featured_media":0,"parent":0,"menu_order":0,"comment_status":"closed","ping_status":"closed","template":"","meta":{"inline_featured_image":false,"site-sidebar-layout":"default","site-content-layout":"","ast-site-content-layout":"default","site-content-style":"default","site-sidebar-style":"default","ast-global-header-display":"","ast-banner-title-visibility":"","ast-main-header-display":"","ast-hfb-above-header-display":"","ast-hfb-below-header-display":"","ast-hfb-mobile-header-display":"","site-post-title":"","ast-breadcrumbs-content":"","ast-featured-img":"","footer-sml-layout":"","theme-transparent-header-meta":"","adv-header-id-meta":"","stick-header-meta":"","header-above-stick-meta":"","header-main-stick-meta":"","header-below-stick-meta":"","astra-migrate-meta-layouts":"default","ast-page-background-enabled":"default","ast-page-background-meta":{"desktop":{"background-color":"var(--ast-global-color-4)","background-image":"","background-repeat":"repeat","background-position":"center center","background-size":"auto","background-attachment":"scroll","background-type":"","background-media":"","overlay-type":"","overlay-color":"","overlay-opacity":"","overlay-gradient":""},"tablet":{"background-color":"","background-image":"","background-repeat":"repeat","background-position":"center center","background-size":"auto","background-attachment":"scroll","background-type":"","background-media":"","overlay-type":"","overlay-color":"","overlay-opacity":"","overlay-gradient":""},"mobile":{"background-color":"","background-image":"","background-repeat":"repeat","background-position":"center center","background-size":"auto","background-attachment":"scroll","background-type":"","background-media":"","overlay-type":"","overlay-color":"","overlay-opacity":"","overlay-gradient":""}},"ast-content-background-meta":{"desktop":{"background-color":"var(--ast-global-color-5)","background-image":"","background-repeat":"repeat","background-position":"center center","background-size":"auto","background-attachment":"scroll","background-type":"","background-media":"","overlay-type":"","overlay-color":"","overlay-opacity":"","overlay-gradient":""},"tablet":{"background-color":"var(--ast-global-color-5)","background-image":"","background-repeat":"repeat","background-position":"center center","background-size":"auto","background-attachment":"scroll","background-type":"","background-media":"","overlay-type":"","overlay-color":"","overlay-opacity":"","overlay-gradient":""},"mobile":{"background-color":"var(--ast-global-color-5)","background-image":"","background-repeat":"repeat","background-position":"center center","background-size":"auto","background-attachment":"scroll","background-type":"","background-media":"","overlay-type":"","overlay-color":"","overlay-opacity":"","overlay-gradient":""}},"footnotes":""},"class_list":["post-64","page","type-page","status-publish","hentry"],"yoast_head":"<!-- This site is optimized with the Yoast SEO plugin v25.3 - https:\/\/yoast.com\/wordpress\/plugins\/seo\/ -->\n<title>Stena Line Rostock Trelleborg f\u00e6rgeoverfart - F\u00e6rger mellem Trelleborg og Rostock<\/title>\n<meta name=\"description\" content=\"Alt om Stena Line f\u00e6rgeoverfarten mellem Rostock og Trelleborg: ruteinformation, priser, k\u00e6ledyrspolitik og kontakt.\" \/>\n<meta name=\"robots\" content=\"index, follow, max-snippet:-1, max-image-preview:large, max-video-preview:-1\" \/>\n<link rel=\"canonical\" href=\"https:\/\/rostocktrelleborg.com\/da\/stena-line\/\" \/>\n<meta property=\"og:locale\" content=\"da_DK\" \/>\n<meta property=\"og:type\" content=\"article\" \/>\n<meta property=\"og:title\" content=\"Stena Line Rostock Trelleborg f\u00e6rgeoverfart - F\u00e6rger mellem Trelleborg og Rostock\" \/>\n<meta property=\"og:description\" content=\"Alt om Stena Line f\u00e6rgeoverfarten mellem Rostock og Trelleborg: ruteinformation, priser, k\u00e6ledyrspolitik og kontakt.\" \/>\n<meta property=\"og:url\" content=\"https:\/\/rostocktrelleborg.com\/da\/stena-line\/\" \/>\n<meta property=\"og:site_name\" content=\"F\u00e6rger mellem Trelleborg og Rostock\" \/>\n<meta property=\"article:modified_time\" content=\"2024-05-15T08:57:55+00:00\" \/>\n<meta name=\"twitter:card\" content=\"summary_large_image\" \/>\n<meta name=\"twitter:label1\" content=\"Estimeret l\u00e6setid\" \/>\n\t<meta name=\"twitter:data1\" content=\"2 minutter\" \/>\n<script type=\"application\/ld+json\" class=\"yoast-schema-graph\">{\"@context\":\"https:\/\/schema.org\",\"@graph\":[{\"@type\":\"WebPage\",\"@id\":\"https:\/\/rostocktrelleborg.com\/da\/stena-line\/\",\"url\":\"https:\/\/rostocktrelleborg.com\/da\/stena-line\/\",\"name\":\"Stena Line Rostock Trelleborg f\u00e6rgeoverfart - F\u00e6rger mellem Trelleborg og Rostock\",\"isPartOf\":{\"@id\":\"https:\/\/rostocktrelleborg.com\/da\/#website\"},\"datePublished\":\"2024-05-15T08:25:21+00:00\",\"dateModified\":\"2024-05-15T08:57:55+00:00\",\"description\":\"Alt om Stena Line f\u00e6rgeoverfarten mellem Rostock og Trelleborg: ruteinformation, priser, k\u00e6ledyrspolitik og kontakt.\",\"breadcrumb\":{\"@id\":\"https:\/\/rostocktrelleborg.com\/da\/stena-line\/#breadcrumb\"},\"inLanguage\":\"da-DK\",\"potentialAction\":[{\"@type\":\"ReadAction\",\"target\":[\"https:\/\/rostocktrelleborg.com\/da\/stena-line\/\"]}]},{\"@type\":\"BreadcrumbList\",\"@id\":\"https:\/\/rostocktrelleborg.com\/da\/stena-line\/#breadcrumb\",\"itemListElement\":[{\"@type\":\"ListItem\",\"position\":1,\"name\":\"Home\",\"item\":\"https:\/\/rostocktrelleborg.com\/da\/\"},{\"@type\":\"ListItem\",\"position\":2,\"name\":\"Stena Line Rostock Trelleborg f\u00e6rgeoverfart\"}]},{\"@type\":\"WebSite\",\"@id\":\"https:\/\/rostocktrelleborg.com\/da\/#website\",\"url\":\"https:\/\/rostocktrelleborg.com\/da\/\",\"name\":\"F\u00e6rger mellem Trelleborg og Rostock\",\"description\":\"\",\"publisher\":{\"@id\":\"https:\/\/rostocktrelleborg.com\/da\/#organization\"},\"potentialAction\":[{\"@type\":\"SearchAction\",\"target\":{\"@type\":\"EntryPoint\",\"urlTemplate\":\"https:\/\/rostocktrelleborg.com\/da\/?s={search_term_string}\"},\"query-input\":{\"@type\":\"PropertyValueSpecification\",\"valueRequired\":true,\"valueName\":\"search_term_string\"}}],\"inLanguage\":\"da-DK\"},{\"@type\":\"Organization\",\"@id\":\"https:\/\/rostocktrelleborg.com\/da\/#organization\",\"name\":\"F\u00e6rger mellem Trelleborg og Rostock\",\"url\":\"https:\/\/rostocktrelleborg.com\/da\/\",\"logo\":{\"@type\":\"ImageObject\",\"inLanguage\":\"da-DK\",\"@id\":\"https:\/\/rostocktrelleborg.com\/da\/#\/schema\/logo\/image\/\",\"url\":\"https:\/\/rostocktrelleborg.com\/da\/wp-content\/uploads\/sites\/6\/2024\/03\/rostocktrelleborg-2.svg\",\"contentUrl\":\"https:\/\/rostocktrelleborg.com\/da\/wp-content\/uploads\/sites\/6\/2024\/03\/rostocktrelleborg-2.svg\",\"width\":500,\"height\":91,\"caption\":\"F\u00e6rger mellem Trelleborg og Rostock\"},\"image\":{\"@id\":\"https:\/\/rostocktrelleborg.com\/da\/#\/schema\/logo\/image\/\"}}]}<\/script>\n<!-- \/ Yoast SEO plugin. -->","yoast_head_json":{"title":"Stena Line Rostock Trelleborg f\u00e6rgeoverfart - F\u00e6rger mellem Trelleborg og Rostock","description":"Alt om Stena Line f\u00e6rgeoverfarten mellem Rostock og Trelleborg: ruteinformation, priser, k\u00e6ledyrspolitik og kontakt.","robots":{"index":"index","follow":"follow","max-snippet":"max-snippet:-1","max-image-preview":"max-image-preview:large","max-video-preview":"max-video-preview:-1"},"canonical":"https:\/\/rostocktrelleborg.com\/da\/stena-line\/","og_locale":"da_DK","og_type":"article","og_title":"Stena Line Rostock Trelleborg f\u00e6rgeoverfart - F\u00e6rger mellem Trelleborg og Rostock","og_description":"Alt om Stena Line f\u00e6rgeoverfarten mellem Rostock og Trelleborg: ruteinformation, priser, k\u00e6ledyrspolitik og kontakt.","og_url":"https:\/\/rostocktrelleborg.com\/da\/stena-line\/","og_site_name":"F\u00e6rger mellem Trelleborg og Rostock","article_modified_time":"2024-05-15T08:57:55+00:00","twitter_card":"summary_large_image","twitter_misc":{"Estimeret l\u00e6setid":"2 minutter"},"schema":{"@context":"https:\/\/schema.org","@graph":[{"@type":"WebPage","@id":"https:\/\/rostocktrelleborg.com\/da\/stena-line\/","url":"https:\/\/rostocktrelleborg.com\/da\/stena-line\/","name":"Stena Line Rostock Trelleborg f\u00e6rgeoverfart - F\u00e6rger mellem Trelleborg og Rostock","isPartOf":{"@id":"https:\/\/rostocktrelleborg.com\/da\/#website"},"datePublished":"2024-05-15T08:25:21+00:00","dateModified":"2024-05-15T08:57:55+00:00","description":"Alt om Stena Line f\u00e6rgeoverfarten mellem Rostock og Trelleborg: ruteinformation, priser, k\u00e6ledyrspolitik og kontakt.","breadcrumb":{"@id":"https:\/\/rostocktrelleborg.com\/da\/stena-line\/#breadcrumb"},"inLanguage":"da-DK","potentialAction":[{"@type":"ReadAction","target":["https:\/\/rostocktrelleborg.com\/da\/stena-line\/"]}]},{"@type":"BreadcrumbList","@id":"https:\/\/rostocktrelleborg.com\/da\/stena-line\/#breadcrumb","itemListElement":[{"@type":"ListItem","position":1,"name":"Home","item":"https:\/\/rostocktrelleborg.com\/da\/"},{"@type":"ListItem","position":2,"name":"Stena Line Rostock Trelleborg f\u00e6rgeoverfart"}]},{"@type":"WebSite","@id":"https:\/\/rostocktrelleborg.com\/da\/#website","url":"https:\/\/rostocktrelleborg.com\/da\/","name":"F\u00e6rger mellem Trelleborg og Rostock","description":"","publisher":{"@id":"https:\/\/rostocktrelleborg.com\/da\/#organization"},"potentialAction":[{"@type":"SearchAction","target":{"@type":"EntryPoint","urlTemplate":"https:\/\/rostocktrelleborg.com\/da\/?s={search_term_string}"},"query-input":{"@type":"PropertyValueSpecification","valueRequired":true,"valueName":"search_term_string"}}],"inLanguage":"da-DK"},{"@type":"Organization","@id":"https:\/\/rostocktrelleborg.com\/da\/#organization","name":"F\u00e6rger mellem Trelleborg og Rostock","url":"https:\/\/rostocktrelleborg.com\/da\/","logo":{"@type":"ImageObject","inLanguage":"da-DK","@id":"https:\/\/rostocktrelleborg.com\/da\/#\/schema\/logo\/image\/","url":"https:\/\/rostocktrelleborg.com\/da\/wp-content\/uploads\/sites\/6\/2024\/03\/rostocktrelleborg-2.svg","contentUrl":"https:\/\/rostocktrelleborg.com\/da\/wp-content\/uploads\/sites\/6\/2024\/03\/rostocktrelleborg-2.svg","width":500,"height":91,"caption":"F\u00e6rger mellem Trelleborg og Rostock"},"image":{"@id":"https:\/\/rostocktrelleborg.com\/da\/#\/schema\/logo\/image\/"}}]}},"_links":{"self":[{"href":"https:\/\/rostocktrelleborg.com\/da\/wp-json\/wp\/v2\/pages\/64","targetHints":{"allow":["GET"]}}],"collection":[{"href":"https:\/\/rostocktrelleborg.com\/da\/wp-json\/wp\/v2\/pages"}],"about":[{"href":"https:\/\/rostocktrelleborg.com\/da\/wp-json\/wp\/v2\/types\/page"}],"author":[{"embeddable":true,"href":"https:\/\/rostocktrelleborg.com\/da\/wp-json\/wp\/v2\/users\/2"}],"replies":[{"embeddable":true,"href":"https:\/\/rostocktrelleborg.com\/da\/wp-json\/wp\/v2\/comments?post=64"}],"version-history":[{"count":2,"href":"https:\/\/rostocktrelleborg.com\/da\/wp-json\/wp\/v2\/pages\/64\/revisions"}],"predecessor-version":[{"id":96,"href":"https:\/\/rostocktrelleborg.com\/da\/wp-json\/wp\/v2\/pages\/64\/revisions\/96"}],"wp:attachment":[{"href":"https:\/\/rostocktrelleborg.com\/da\/wp-json\/wp\/v2\/media?parent=64"}],"curies":[{"name":"wp","href":"https:\/\/api.w.org\/{rel}","templated":true}]}}