{"id":70,"date":"2024-05-15T08:36:12","date_gmt":"2024-05-15T08:36:12","guid":{"rendered":"https:\/\/rostocktrelleborg.com\/da\/?page_id=70"},"modified":"2024-05-15T09:00:03","modified_gmt":"2024-05-15T09:00:03","slug":"priser","status":"publish","type":"page","link":"https:\/\/rostocktrelleborg.com\/da\/priser\/","title":{"rendered":"Priser p\u00e5 f\u00e6rgeoverfarten mellem Rostock og Trelleborg"},"content":{"rendered":"\n<p>Overfarten mellem Rostock og Trelleborg udf\u00f8res af to f\u00e6rgeruter: <a href=\"https:\/\/rostocktrelleborg.com\/da\/tt-line\/\">TT Line<\/a> og <a href=\"https:\/\/rostocktrelleborg.com\/da\/stena-line\/\">Stena Line<\/a>. Det er godt at sammenligne priserne hos begge udbydere, inden du bestiller billetterne. P\u00e5 denne side finder du al information om priser og priser for overfarten.<\/p>\n\n\n\n<h2 class=\"wp-block-heading\">Sammenlign priser<\/h2>\n\n\n\n<p>B\u00e5de Stena Line og TT Line melder om en startpris p\u00e5 49 euro. Det drejer sig om en enkeltrejse med bil og en chauff\u00f8r. For at se og sammenligne de aktuelle priser pr. udbyder kan du bruge bookingmodulet nedenfor.<\/p>\n\n\n<div id=\"bookingmodule\"><iframe id=\"dealFinder\" marginwidth=\"0\" frameborder=\"0\" scrolling=\"no\" height=\"100%\" marginheight=\"0\" style=\"width:100%;\" src=\"https:\/\/wiz.directferries.com\/partners\/deal_finder_iframe.aspx?stdc=F6602DK&#038;cult=da-DK&#038;oprt=Rostock&#038;rprt=Trelleborg&#038;btn=D00C33&#038;btnh=800006&#038;btnt=FFFFFF&#038;tclr=000001&#038;lclr=000001&#038;lbld=400&#038;pclr=64b6e6&#038;sclr=64b6e6&#038;targ=0\" style=\"z-index:1\"><\/iframe><\/div>\n\n\n\n<h2 class=\"wp-block-heading\">Faktorer, der afh\u00e6nger af prisen<\/h2>\n\n\n\n<p>Der er en r\u00e6kke faktorer, der p\u00e5virker prisen p\u00e5 f\u00e6rgeoverfarten mellem Rostock og Trelleborg:<\/p>\n\n\n\n<ul class=\"wp-block-list\">\n<li>Antal passagerer<\/li>\n\n\n\n<li>K\u00f8ret\u00f8jstype (bil, autocamper, campingvogn)<\/li>\n\n\n\n<li>Rejseperiode (h\u00f8j- eller lavs\u00e6son)<\/li>\n\n\n\n<li>Tidspunkt for reservation (jo tidligere, jo billigere)<\/li>\n<\/ul>\n\n\n\n<p>Du kan tjekke <a href=\"https:\/\/rostocktrelleborg.com\/da\/sejltid\/\">den aktuelle sejltid<\/a> for at se, hvorn\u00e5r hvilket f\u00e6rgeselskab afg\u00e5r og ankommer. Bestil til tiden, det kan spare dig for mange penge.<\/p>\n","protected":false},"excerpt":{"rendered":"<p>Overfarten mellem Rostock og Trelleborg udf\u00f8res af to f\u00e6rgeruter: TT Line og Stena Line. Det er godt at sammenligne priserne [&hellip;]<\/p>\n","protected":false},"author":2,"featured_media":0,"parent":0,"menu_order":0,"comment_status":"closed","ping_status":"closed","template":"","meta":{"inline_featured_image":false,"site-sidebar-layout":"default","site-content-layout":"","ast-site-content-layout":"default","site-content-style":"default","site-sidebar-style":"default","ast-global-header-display":"","ast-banner-title-visibility":"","ast-main-header-display":"","ast-hfb-above-header-display":"","ast-hfb-below-header-display":"","ast-hfb-mobile-header-display":"","site-post-title":"","ast-breadcrumbs-content":"","ast-featured-img":"","footer-sml-layout":"","theme-transparent-header-meta":"","adv-header-id-meta":"","stick-header-meta":"","header-above-stick-meta":"","header-main-stick-meta":"","header-below-stick-meta":"","astra-migrate-meta-layouts":"default","ast-page-background-enabled":"default","ast-page-background-meta":{"desktop":{"background-color":"var(--ast-global-color-4)","background-image":"","background-repeat":"repeat","background-position":"center center","background-size":"auto","background-attachment":"scroll","background-type":"","background-media":"","overlay-type":"","overlay-color":"","overlay-opacity":"","overlay-gradient":""},"tablet":{"background-color":"","background-image":"","background-repeat":"repeat","background-position":"center center","background-size":"auto","background-attachment":"scroll","background-type":"","background-media":"","overlay-type":"","overlay-color":"","overlay-opacity":"","overlay-gradient":""},"mobile":{"background-color":"","background-image":"","background-repeat":"repeat","background-position":"center center","background-size":"auto","background-attachment":"scroll","background-type":"","background-media":"","overlay-type":"","overlay-color":"","overlay-opacity":"","overlay-gradient":""}},"ast-content-background-meta":{"desktop":{"background-color":"var(--ast-global-color-5)","background-image":"","background-repeat":"repeat","background-position":"center center","background-size":"auto","background-attachment":"scroll","background-type":"","background-media":"","overlay-type":"","overlay-color":"","overlay-opacity":"","overlay-gradient":""},"tablet":{"background-color":"var(--ast-global-color-5)","background-image":"","background-repeat":"repeat","background-position":"center center","background-size":"auto","background-attachment":"scroll","background-type":"","background-media":"","overlay-type":"","overlay-color":"","overlay-opacity":"","overlay-gradient":""},"mobile":{"background-color":"var(--ast-global-color-5)","background-image":"","background-repeat":"repeat","background-position":"center center","background-size":"auto","background-attachment":"scroll","background-type":"","background-media":"","overlay-type":"","overlay-color":"","overlay-opacity":"","overlay-gradient":""}},"footnotes":""},"class_list":["post-70","page","type-page","status-publish","hentry"],"yoast_head":"<!-- This site is optimized with the Yoast SEO plugin v25.3 - https:\/\/yoast.com\/wordpress\/plugins\/seo\/ -->\n<title>Priser p\u00e5 f\u00e6rgeoverfarten mellem Rostock og Trelleborg - F\u00e6rger mellem Trelleborg og Rostock<\/title>\n<meta name=\"description\" content=\"Opdag priserne p\u00e5 f\u00e6rgeoverfarten mellem Rostock og Trelleborg: sammenlign priser og priser p\u00e5 TT Line og Stena Line.\" \/>\n<meta name=\"robots\" content=\"index, follow, max-snippet:-1, max-image-preview:large, max-video-preview:-1\" \/>\n<link rel=\"canonical\" href=\"https:\/\/rostocktrelleborg.com\/da\/priser\/\" \/>\n<meta property=\"og:locale\" content=\"da_DK\" \/>\n<meta property=\"og:type\" content=\"article\" \/>\n<meta property=\"og:title\" content=\"Priser p\u00e5 f\u00e6rgeoverfarten mellem Rostock og Trelleborg - F\u00e6rger mellem Trelleborg og Rostock\" \/>\n<meta property=\"og:description\" content=\"Opdag priserne p\u00e5 f\u00e6rgeoverfarten mellem Rostock og Trelleborg: sammenlign priser og priser p\u00e5 TT Line og Stena Line.\" \/>\n<meta property=\"og:url\" content=\"https:\/\/rostocktrelleborg.com\/da\/priser\/\" \/>\n<meta property=\"og:site_name\" content=\"F\u00e6rger mellem Trelleborg og Rostock\" \/>\n<meta property=\"article:modified_time\" content=\"2024-05-15T09:00:03+00:00\" \/>\n<meta name=\"twitter:card\" content=\"summary_large_image\" \/>\n<meta name=\"twitter:label1\" content=\"Estimeret l\u00e6setid\" \/>\n\t<meta name=\"twitter:data1\" content=\"1 minut\" \/>\n<script type=\"application\/ld+json\" class=\"yoast-schema-graph\">{\"@context\":\"https:\/\/schema.org\",\"@graph\":[{\"@type\":\"WebPage\",\"@id\":\"https:\/\/rostocktrelleborg.com\/da\/priser\/\",\"url\":\"https:\/\/rostocktrelleborg.com\/da\/priser\/\",\"name\":\"Priser p\u00e5 f\u00e6rgeoverfarten mellem Rostock og Trelleborg - F\u00e6rger mellem Trelleborg og Rostock\",\"isPartOf\":{\"@id\":\"https:\/\/rostocktrelleborg.com\/da\/#website\"},\"datePublished\":\"2024-05-15T08:36:12+00:00\",\"dateModified\":\"2024-05-15T09:00:03+00:00\",\"description\":\"Opdag priserne p\u00e5 f\u00e6rgeoverfarten mellem Rostock og Trelleborg: sammenlign priser og priser p\u00e5 TT Line og Stena Line.\",\"breadcrumb\":{\"@id\":\"https:\/\/rostocktrelleborg.com\/da\/priser\/#breadcrumb\"},\"inLanguage\":\"da-DK\",\"potentialAction\":[{\"@type\":\"ReadAction\",\"target\":[\"https:\/\/rostocktrelleborg.com\/da\/priser\/\"]}]},{\"@type\":\"BreadcrumbList\",\"@id\":\"https:\/\/rostocktrelleborg.com\/da\/priser\/#breadcrumb\",\"itemListElement\":[{\"@type\":\"ListItem\",\"position\":1,\"name\":\"Home\",\"item\":\"https:\/\/rostocktrelleborg.com\/da\/\"},{\"@type\":\"ListItem\",\"position\":2,\"name\":\"Priser p\u00e5 f\u00e6rgeoverfarten mellem Rostock og Trelleborg\"}]},{\"@type\":\"WebSite\",\"@id\":\"https:\/\/rostocktrelleborg.com\/da\/#website\",\"url\":\"https:\/\/rostocktrelleborg.com\/da\/\",\"name\":\"F\u00e6rger mellem Trelleborg og Rostock\",\"description\":\"\",\"publisher\":{\"@id\":\"https:\/\/rostocktrelleborg.com\/da\/#organization\"},\"potentialAction\":[{\"@type\":\"SearchAction\",\"target\":{\"@type\":\"EntryPoint\",\"urlTemplate\":\"https:\/\/rostocktrelleborg.com\/da\/?s={search_term_string}\"},\"query-input\":{\"@type\":\"PropertyValueSpecification\",\"valueRequired\":true,\"valueName\":\"search_term_string\"}}],\"inLanguage\":\"da-DK\"},{\"@type\":\"Organization\",\"@id\":\"https:\/\/rostocktrelleborg.com\/da\/#organization\",\"name\":\"F\u00e6rger mellem Trelleborg og Rostock\",\"url\":\"https:\/\/rostocktrelleborg.com\/da\/\",\"logo\":{\"@type\":\"ImageObject\",\"inLanguage\":\"da-DK\",\"@id\":\"https:\/\/rostocktrelleborg.com\/da\/#\/schema\/logo\/image\/\",\"url\":\"https:\/\/rostocktrelleborg.com\/da\/wp-content\/uploads\/sites\/6\/2024\/03\/rostocktrelleborg-2.svg\",\"contentUrl\":\"https:\/\/rostocktrelleborg.com\/da\/wp-content\/uploads\/sites\/6\/2024\/03\/rostocktrelleborg-2.svg\",\"width\":500,\"height\":91,\"caption\":\"F\u00e6rger mellem Trelleborg og Rostock\"},\"image\":{\"@id\":\"https:\/\/rostocktrelleborg.com\/da\/#\/schema\/logo\/image\/\"}}]}<\/script>\n<!-- \/ Yoast SEO plugin. -->","yoast_head_json":{"title":"Priser p\u00e5 f\u00e6rgeoverfarten mellem Rostock og Trelleborg - F\u00e6rger mellem Trelleborg og Rostock","description":"Opdag priserne p\u00e5 f\u00e6rgeoverfarten mellem Rostock og Trelleborg: sammenlign priser og priser p\u00e5 TT Line og Stena Line.","robots":{"index":"index","follow":"follow","max-snippet":"max-snippet:-1","max-image-preview":"max-image-preview:large","max-video-preview":"max-video-preview:-1"},"canonical":"https:\/\/rostocktrelleborg.com\/da\/priser\/","og_locale":"da_DK","og_type":"article","og_title":"Priser p\u00e5 f\u00e6rgeoverfarten mellem Rostock og Trelleborg - F\u00e6rger mellem Trelleborg og Rostock","og_description":"Opdag priserne p\u00e5 f\u00e6rgeoverfarten mellem Rostock og Trelleborg: sammenlign priser og priser p\u00e5 TT Line og Stena Line.","og_url":"https:\/\/rostocktrelleborg.com\/da\/priser\/","og_site_name":"F\u00e6rger mellem Trelleborg og Rostock","article_modified_time":"2024-05-15T09:00:03+00:00","twitter_card":"summary_large_image","twitter_misc":{"Estimeret l\u00e6setid":"1 minut"},"schema":{"@context":"https:\/\/schema.org","@graph":[{"@type":"WebPage","@id":"https:\/\/rostocktrelleborg.com\/da\/priser\/","url":"https:\/\/rostocktrelleborg.com\/da\/priser\/","name":"Priser p\u00e5 f\u00e6rgeoverfarten mellem Rostock og Trelleborg - F\u00e6rger mellem Trelleborg og Rostock","isPartOf":{"@id":"https:\/\/rostocktrelleborg.com\/da\/#website"},"datePublished":"2024-05-15T08:36:12+00:00","dateModified":"2024-05-15T09:00:03+00:00","description":"Opdag priserne p\u00e5 f\u00e6rgeoverfarten mellem Rostock og Trelleborg: sammenlign priser og priser p\u00e5 TT Line og Stena Line.","breadcrumb":{"@id":"https:\/\/rostocktrelleborg.com\/da\/priser\/#breadcrumb"},"inLanguage":"da-DK","potentialAction":[{"@type":"ReadAction","target":["https:\/\/rostocktrelleborg.com\/da\/priser\/"]}]},{"@type":"BreadcrumbList","@id":"https:\/\/rostocktrelleborg.com\/da\/priser\/#breadcrumb","itemListElement":[{"@type":"ListItem","position":1,"name":"Home","item":"https:\/\/rostocktrelleborg.com\/da\/"},{"@type":"ListItem","position":2,"name":"Priser p\u00e5 f\u00e6rgeoverfarten mellem Rostock og Trelleborg"}]},{"@type":"WebSite","@id":"https:\/\/rostocktrelleborg.com\/da\/#website","url":"https:\/\/rostocktrelleborg.com\/da\/","name":"F\u00e6rger mellem Trelleborg og Rostock","description":"","publisher":{"@id":"https:\/\/rostocktrelleborg.com\/da\/#organization"},"potentialAction":[{"@type":"SearchAction","target":{"@type":"EntryPoint","urlTemplate":"https:\/\/rostocktrelleborg.com\/da\/?s={search_term_string}"},"query-input":{"@type":"PropertyValueSpecification","valueRequired":true,"valueName":"search_term_string"}}],"inLanguage":"da-DK"},{"@type":"Organization","@id":"https:\/\/rostocktrelleborg.com\/da\/#organization","name":"F\u00e6rger mellem Trelleborg og Rostock","url":"https:\/\/rostocktrelleborg.com\/da\/","logo":{"@type":"ImageObject","inLanguage":"da-DK","@id":"https:\/\/rostocktrelleborg.com\/da\/#\/schema\/logo\/image\/","url":"https:\/\/rostocktrelleborg.com\/da\/wp-content\/uploads\/sites\/6\/2024\/03\/rostocktrelleborg-2.svg","contentUrl":"https:\/\/rostocktrelleborg.com\/da\/wp-content\/uploads\/sites\/6\/2024\/03\/rostocktrelleborg-2.svg","width":500,"height":91,"caption":"F\u00e6rger mellem Trelleborg og Rostock"},"image":{"@id":"https:\/\/rostocktrelleborg.com\/da\/#\/schema\/logo\/image\/"}}]}},"_links":{"self":[{"href":"https:\/\/rostocktrelleborg.com\/da\/wp-json\/wp\/v2\/pages\/70","targetHints":{"allow":["GET"]}}],"collection":[{"href":"https:\/\/rostocktrelleborg.com\/da\/wp-json\/wp\/v2\/pages"}],"about":[{"href":"https:\/\/rostocktrelleborg.com\/da\/wp-json\/wp\/v2\/types\/page"}],"author":[{"embeddable":true,"href":"https:\/\/rostocktrelleborg.com\/da\/wp-json\/wp\/v2\/users\/2"}],"replies":[{"embeddable":true,"href":"https:\/\/rostocktrelleborg.com\/da\/wp-json\/wp\/v2\/comments?post=70"}],"version-history":[{"count":2,"href":"https:\/\/rostocktrelleborg.com\/da\/wp-json\/wp\/v2\/pages\/70\/revisions"}],"predecessor-version":[{"id":99,"href":"https:\/\/rostocktrelleborg.com\/da\/wp-json\/wp\/v2\/pages\/70\/revisions\/99"}],"wp:attachment":[{"href":"https:\/\/rostocktrelleborg.com\/da\/wp-json\/wp\/v2\/media?parent=70"}],"curies":[{"name":"wp","href":"https:\/\/api.w.org\/{rel}","templated":true}]}}