{"id":76,"date":"2024-05-15T08:45:36","date_gmt":"2024-05-15T08:45:36","guid":{"rendered":"https:\/\/rostocktrelleborg.com\/da\/?page_id=76"},"modified":"2024-05-15T08:45:37","modified_gmt":"2024-05-15T08:45:37","slug":"vejrudsigt","status":"publish","type":"page","link":"https:\/\/rostocktrelleborg.com\/da\/vejrudsigt\/","title":{"rendered":"Vejrudsigt Rostock og Trelleborg (overfart)"},"content":{"rendered":"\n<h2 class=\"wp-block-heading\">Vejrudsigt i havnene<\/h2>\n\n\n\n<p>Find ud af vejrudsigten p\u00e5 <a href=\"https:\/\/rostocktrelleborg.com\/da\/rostock-havn\/\">havnen i Rostock<\/a> og <a href=\"https:\/\/rostocktrelleborg.com\/da\/trelleborg-havn\/\">havnen i Trelleborg<\/a> ved afgang og\/eller ankomst. P\u00e5 denne m\u00e5de kan du tage h\u00f8jde for vejret og tilpasse din rejseplanl\u00e6gning derefter. Tip: hold den <a href=\"https:\/\/rostocktrelleborg.com\/da\/sejltid\/\">aktuelle tidsplan<\/a> ved h\u00e5nden.<\/p>\n\n\n\n<h3 class=\"wp-block-heading\">Vejrudsigt i havnen i Rostock<\/h3>\n\n\n<p><iframe width=\"650\" height=\"450\" src=\"https:\/\/embed.windy.com\/embed.html?type=map&#038;location=coordinates&#038;metricRain=default&#038;metricTemp=default&#038;metricWind=default&#038;zoom=11&#038;overlay=radar&#038;product=radar&#038;level=surface&#038;lat=54.103&#038;lon=12.147\" frameborder=\"0\"><\/iframe><\/p>\n\n\n\n<h3 class=\"wp-block-heading\">Vejrudsigt i Trelleborg havn<\/h3>\n\n\n<p><iframe width=\"650\" height=\"450\" src=\"https:\/\/embed.windy.com\/embed.html?type=map&#038;location=coordinates&#038;metricRain=default&#038;metricTemp=default&#038;metricWind=default&#038;zoom=11&#038;overlay=radar&#038;product=radar&#038;level=surface&#038;lat=54.587&#038;lon=11.941\" frameborder=\"0\"><\/iframe><\/p>\n\n\n\n<h2 class=\"wp-block-heading\">Vejrudsigt under overfarten<\/h2>\n\n\n\n<p>Det er ogs\u00e5 vigtigt at tage h\u00f8jde for den aktuelle vejrudsigt under overfarten, for eksempel om en storm n\u00e6rmer sig p\u00e5 \u00d8sters\u00f8en. P\u00e5 den m\u00e5de kan du tilpasse dit t\u00f8j derefter og tage h\u00f8jde for blandt andet b\u00f8lger.<\/p>\n\n\n\n<h3 class=\"wp-block-heading\">Vind under overfarten<\/h3>\n\n\n<p><iframe width=\"650\" height=\"450\" src=\"https:\/\/embed.windy.com\/embed.html?type=map&#038;location=coordinates&#038;metricRain=default&#038;metricTemp=default&#038;metricWind=default&#038;zoom=8&#038;overlay=wind&#038;product=ecmwf&#038;level=surface&#038;lat=54.355&#038;lon=11.876\" frameborder=\"0\"><\/iframe><\/p>\n\n\n\n<h3 class=\"wp-block-heading\">B\u00f8lger under overfarten<\/h3>\n\n\n<p><iframe width=\"650\" height=\"450\" src=\"https:\/\/embed.windy.com\/embed.html?type=map&#038;location=coordinates&#038;metricRain=default&#038;metricTemp=default&#038;metricWind=default&#038;zoom=8&#038;overlay=waves&#038;product=ecmwfWaves&#038;level=surface&#038;lat=54.355&#038;lon=11.876\" frameborder=\"0\"><\/iframe><\/p>\n\n\n\n<h3 class=\"wp-block-heading\">Temperatur under turen<\/h3>\n\n\n<p><iframe width=\"650\" height=\"450\" src=\"https:\/\/embed.windy.com\/embed.html?type=map&#038;location=coordinates&#038;metricRain=default&#038;metricTemp=default&#038;metricWind=default&#038;zoom=8&#038;overlay=temp&#038;product=ecmwf&#038;level=surface&#038;lat=54.355&#038;lon=11.876\" frameborder=\"0\"><\/iframe><\/p>\n\n\n\n<h3 class=\"wp-block-heading\">\u00d8sters\u00f8ens stormudsigt (regn og torden)<\/h3>\n\n\n<p><iframe width=\"650\" height=\"450\" src=\"https:\/\/embed.windy.com\/embed.html?type=map&#038;location=coordinates&#038;metricRain=default&#038;metricTemp=default&#038;metricWind=default&#038;zoom=8&#038;overlay=rain&#038;product=ecmwf&#038;level=surface&#038;lat=54.355&#038;lon=11.876\" frameborder=\"0\"><\/iframe><\/p>\n\n\n\n<p>Se ogs\u00e5 siden om <a href=\"https:\/\/rostocktrelleborg.com\/da\/tt-line\/\">TT Line<\/a> og <a href=\"https:\/\/rostocktrelleborg.com\/da\/stena-line\/\">Stena Line<\/a> for mere information om blandt andet faciliteterne under overfarten.<\/p>\n","protected":false},"excerpt":{"rendered":"<p>Vejrudsigt i havnene Find ud af vejrudsigten p\u00e5 havnen i Rostock og havnen i Trelleborg ved afgang og\/eller ankomst. P\u00e5 [&hellip;]<\/p>\n","protected":false},"author":2,"featured_media":0,"parent":0,"menu_order":0,"comment_status":"closed","ping_status":"closed","template":"","meta":{"inline_featured_image":false,"site-sidebar-layout":"default","site-content-layout":"","ast-site-content-layout":"default","site-content-style":"default","site-sidebar-style":"default","ast-global-header-display":"","ast-banner-title-visibility":"","ast-main-header-display":"","ast-hfb-above-header-display":"","ast-hfb-below-header-display":"","ast-hfb-mobile-header-display":"","site-post-title":"","ast-breadcrumbs-content":"","ast-featured-img":"","footer-sml-layout":"","theme-transparent-header-meta":"","adv-header-id-meta":"","stick-header-meta":"","header-above-stick-meta":"","header-main-stick-meta":"","header-below-stick-meta":"","astra-migrate-meta-layouts":"default","ast-page-background-enabled":"default","ast-page-background-meta":{"desktop":{"background-color":"var(--ast-global-color-4)","background-image":"","background-repeat":"repeat","background-position":"center center","background-size":"auto","background-attachment":"scroll","background-type":"","background-media":"","overlay-type":"","overlay-color":"","overlay-opacity":"","overlay-gradient":""},"tablet":{"background-color":"","background-image":"","background-repeat":"repeat","background-position":"center center","background-size":"auto","background-attachment":"scroll","background-type":"","background-media":"","overlay-type":"","overlay-color":"","overlay-opacity":"","overlay-gradient":""},"mobile":{"background-color":"","background-image":"","background-repeat":"repeat","background-position":"center center","background-size":"auto","background-attachment":"scroll","background-type":"","background-media":"","overlay-type":"","overlay-color":"","overlay-opacity":"","overlay-gradient":""}},"ast-content-background-meta":{"desktop":{"background-color":"var(--ast-global-color-5)","background-image":"","background-repeat":"repeat","background-position":"center center","background-size":"auto","background-attachment":"scroll","background-type":"","background-media":"","overlay-type":"","overlay-color":"","overlay-opacity":"","overlay-gradient":""},"tablet":{"background-color":"var(--ast-global-color-5)","background-image":"","background-repeat":"repeat","background-position":"center center","background-size":"auto","background-attachment":"scroll","background-type":"","background-media":"","overlay-type":"","overlay-color":"","overlay-opacity":"","overlay-gradient":""},"mobile":{"background-color":"var(--ast-global-color-5)","background-image":"","background-repeat":"repeat","background-position":"center center","background-size":"auto","background-attachment":"scroll","background-type":"","background-media":"","overlay-type":"","overlay-color":"","overlay-opacity":"","overlay-gradient":""}},"footnotes":""},"class_list":["post-76","page","type-page","status-publish","hentry"],"yoast_head":"<!-- This site is optimized with the Yoast SEO plugin v25.3 - https:\/\/yoast.com\/wordpress\/plugins\/seo\/ -->\n<title>Vejrudsigt Rostock og Trelleborg (overfart) - F\u00e6rger mellem Trelleborg og Rostock<\/title>\n<meta name=\"description\" content=\"Oplev den aktuelle vejrudsigt under overfarten mellem Rostock Trelleborg med f\u00e6rge (og afgang og ankomst).\" \/>\n<meta name=\"robots\" content=\"index, follow, max-snippet:-1, max-image-preview:large, max-video-preview:-1\" \/>\n<link rel=\"canonical\" href=\"https:\/\/rostocktrelleborg.com\/da\/vejrudsigt\/\" \/>\n<meta property=\"og:locale\" content=\"da_DK\" \/>\n<meta property=\"og:type\" content=\"article\" \/>\n<meta property=\"og:title\" content=\"Vejrudsigt Rostock og Trelleborg (overfart) - F\u00e6rger mellem Trelleborg og Rostock\" \/>\n<meta property=\"og:description\" content=\"Oplev den aktuelle vejrudsigt under overfarten mellem Rostock Trelleborg med f\u00e6rge (og afgang og ankomst).\" \/>\n<meta property=\"og:url\" content=\"https:\/\/rostocktrelleborg.com\/da\/vejrudsigt\/\" \/>\n<meta property=\"og:site_name\" content=\"F\u00e6rger mellem Trelleborg og Rostock\" \/>\n<meta property=\"article:modified_time\" content=\"2024-05-15T08:45:37+00:00\" \/>\n<meta name=\"twitter:card\" content=\"summary_large_image\" \/>\n<meta name=\"twitter:label1\" content=\"Estimeret l\u00e6setid\" \/>\n\t<meta name=\"twitter:data1\" content=\"1 minut\" \/>\n<script type=\"application\/ld+json\" class=\"yoast-schema-graph\">{\"@context\":\"https:\/\/schema.org\",\"@graph\":[{\"@type\":\"WebPage\",\"@id\":\"https:\/\/rostocktrelleborg.com\/da\/vejrudsigt\/\",\"url\":\"https:\/\/rostocktrelleborg.com\/da\/vejrudsigt\/\",\"name\":\"Vejrudsigt Rostock og Trelleborg (overfart) - F\u00e6rger mellem Trelleborg og Rostock\",\"isPartOf\":{\"@id\":\"https:\/\/rostocktrelleborg.com\/da\/#website\"},\"datePublished\":\"2024-05-15T08:45:36+00:00\",\"dateModified\":\"2024-05-15T08:45:37+00:00\",\"description\":\"Oplev den aktuelle vejrudsigt under overfarten mellem Rostock Trelleborg med f\u00e6rge (og afgang og ankomst).\",\"breadcrumb\":{\"@id\":\"https:\/\/rostocktrelleborg.com\/da\/vejrudsigt\/#breadcrumb\"},\"inLanguage\":\"da-DK\",\"potentialAction\":[{\"@type\":\"ReadAction\",\"target\":[\"https:\/\/rostocktrelleborg.com\/da\/vejrudsigt\/\"]}]},{\"@type\":\"BreadcrumbList\",\"@id\":\"https:\/\/rostocktrelleborg.com\/da\/vejrudsigt\/#breadcrumb\",\"itemListElement\":[{\"@type\":\"ListItem\",\"position\":1,\"name\":\"Home\",\"item\":\"https:\/\/rostocktrelleborg.com\/da\/\"},{\"@type\":\"ListItem\",\"position\":2,\"name\":\"Vejrudsigt Rostock og Trelleborg (overfart)\"}]},{\"@type\":\"WebSite\",\"@id\":\"https:\/\/rostocktrelleborg.com\/da\/#website\",\"url\":\"https:\/\/rostocktrelleborg.com\/da\/\",\"name\":\"F\u00e6rger mellem Trelleborg og Rostock\",\"description\":\"\",\"publisher\":{\"@id\":\"https:\/\/rostocktrelleborg.com\/da\/#organization\"},\"potentialAction\":[{\"@type\":\"SearchAction\",\"target\":{\"@type\":\"EntryPoint\",\"urlTemplate\":\"https:\/\/rostocktrelleborg.com\/da\/?s={search_term_string}\"},\"query-input\":{\"@type\":\"PropertyValueSpecification\",\"valueRequired\":true,\"valueName\":\"search_term_string\"}}],\"inLanguage\":\"da-DK\"},{\"@type\":\"Organization\",\"@id\":\"https:\/\/rostocktrelleborg.com\/da\/#organization\",\"name\":\"F\u00e6rger mellem Trelleborg og Rostock\",\"url\":\"https:\/\/rostocktrelleborg.com\/da\/\",\"logo\":{\"@type\":\"ImageObject\",\"inLanguage\":\"da-DK\",\"@id\":\"https:\/\/rostocktrelleborg.com\/da\/#\/schema\/logo\/image\/\",\"url\":\"https:\/\/rostocktrelleborg.com\/da\/wp-content\/uploads\/sites\/6\/2024\/03\/rostocktrelleborg-2.svg\",\"contentUrl\":\"https:\/\/rostocktrelleborg.com\/da\/wp-content\/uploads\/sites\/6\/2024\/03\/rostocktrelleborg-2.svg\",\"width\":500,\"height\":91,\"caption\":\"F\u00e6rger mellem Trelleborg og Rostock\"},\"image\":{\"@id\":\"https:\/\/rostocktrelleborg.com\/da\/#\/schema\/logo\/image\/\"}}]}<\/script>\n<!-- \/ Yoast SEO plugin. -->","yoast_head_json":{"title":"Vejrudsigt Rostock og Trelleborg (overfart) - F\u00e6rger mellem Trelleborg og Rostock","description":"Oplev den aktuelle vejrudsigt under overfarten mellem Rostock Trelleborg med f\u00e6rge (og afgang og ankomst).","robots":{"index":"index","follow":"follow","max-snippet":"max-snippet:-1","max-image-preview":"max-image-preview:large","max-video-preview":"max-video-preview:-1"},"canonical":"https:\/\/rostocktrelleborg.com\/da\/vejrudsigt\/","og_locale":"da_DK","og_type":"article","og_title":"Vejrudsigt Rostock og Trelleborg (overfart) - F\u00e6rger mellem Trelleborg og Rostock","og_description":"Oplev den aktuelle vejrudsigt under overfarten mellem Rostock Trelleborg med f\u00e6rge (og afgang og ankomst).","og_url":"https:\/\/rostocktrelleborg.com\/da\/vejrudsigt\/","og_site_name":"F\u00e6rger mellem Trelleborg og Rostock","article_modified_time":"2024-05-15T08:45:37+00:00","twitter_card":"summary_large_image","twitter_misc":{"Estimeret l\u00e6setid":"1 minut"},"schema":{"@context":"https:\/\/schema.org","@graph":[{"@type":"WebPage","@id":"https:\/\/rostocktrelleborg.com\/da\/vejrudsigt\/","url":"https:\/\/rostocktrelleborg.com\/da\/vejrudsigt\/","name":"Vejrudsigt Rostock og Trelleborg (overfart) - F\u00e6rger mellem Trelleborg og Rostock","isPartOf":{"@id":"https:\/\/rostocktrelleborg.com\/da\/#website"},"datePublished":"2024-05-15T08:45:36+00:00","dateModified":"2024-05-15T08:45:37+00:00","description":"Oplev den aktuelle vejrudsigt under overfarten mellem Rostock Trelleborg med f\u00e6rge (og afgang og ankomst).","breadcrumb":{"@id":"https:\/\/rostocktrelleborg.com\/da\/vejrudsigt\/#breadcrumb"},"inLanguage":"da-DK","potentialAction":[{"@type":"ReadAction","target":["https:\/\/rostocktrelleborg.com\/da\/vejrudsigt\/"]}]},{"@type":"BreadcrumbList","@id":"https:\/\/rostocktrelleborg.com\/da\/vejrudsigt\/#breadcrumb","itemListElement":[{"@type":"ListItem","position":1,"name":"Home","item":"https:\/\/rostocktrelleborg.com\/da\/"},{"@type":"ListItem","position":2,"name":"Vejrudsigt Rostock og Trelleborg (overfart)"}]},{"@type":"WebSite","@id":"https:\/\/rostocktrelleborg.com\/da\/#website","url":"https:\/\/rostocktrelleborg.com\/da\/","name":"F\u00e6rger mellem Trelleborg og Rostock","description":"","publisher":{"@id":"https:\/\/rostocktrelleborg.com\/da\/#organization"},"potentialAction":[{"@type":"SearchAction","target":{"@type":"EntryPoint","urlTemplate":"https:\/\/rostocktrelleborg.com\/da\/?s={search_term_string}"},"query-input":{"@type":"PropertyValueSpecification","valueRequired":true,"valueName":"search_term_string"}}],"inLanguage":"da-DK"},{"@type":"Organization","@id":"https:\/\/rostocktrelleborg.com\/da\/#organization","name":"F\u00e6rger mellem Trelleborg og Rostock","url":"https:\/\/rostocktrelleborg.com\/da\/","logo":{"@type":"ImageObject","inLanguage":"da-DK","@id":"https:\/\/rostocktrelleborg.com\/da\/#\/schema\/logo\/image\/","url":"https:\/\/rostocktrelleborg.com\/da\/wp-content\/uploads\/sites\/6\/2024\/03\/rostocktrelleborg-2.svg","contentUrl":"https:\/\/rostocktrelleborg.com\/da\/wp-content\/uploads\/sites\/6\/2024\/03\/rostocktrelleborg-2.svg","width":500,"height":91,"caption":"F\u00e6rger mellem Trelleborg og Rostock"},"image":{"@id":"https:\/\/rostocktrelleborg.com\/da\/#\/schema\/logo\/image\/"}}]}},"_links":{"self":[{"href":"https:\/\/rostocktrelleborg.com\/da\/wp-json\/wp\/v2\/pages\/76","targetHints":{"allow":["GET"]}}],"collection":[{"href":"https:\/\/rostocktrelleborg.com\/da\/wp-json\/wp\/v2\/pages"}],"about":[{"href":"https:\/\/rostocktrelleborg.com\/da\/wp-json\/wp\/v2\/types\/page"}],"author":[{"embeddable":true,"href":"https:\/\/rostocktrelleborg.com\/da\/wp-json\/wp\/v2\/users\/2"}],"replies":[{"embeddable":true,"href":"https:\/\/rostocktrelleborg.com\/da\/wp-json\/wp\/v2\/comments?post=76"}],"version-history":[{"count":1,"href":"https:\/\/rostocktrelleborg.com\/da\/wp-json\/wp\/v2\/pages\/76\/revisions"}],"predecessor-version":[{"id":77,"href":"https:\/\/rostocktrelleborg.com\/da\/wp-json\/wp\/v2\/pages\/76\/revisions\/77"}],"wp:attachment":[{"href":"https:\/\/rostocktrelleborg.com\/da\/wp-json\/wp\/v2\/media?parent=76"}],"curies":[{"name":"wp","href":"https:\/\/api.w.org\/{rel}","templated":true}]}}