{"id":117,"date":"2024-04-30T11:07:45","date_gmt":"2024-04-30T11:07:45","guid":{"rendered":"https:\/\/rostocktrelleborg.com\/de\/?page_id=117"},"modified":"2024-04-30T11:07:45","modified_gmt":"2024-04-30T11:07:45","slug":"wettervorhersage","status":"publish","type":"page","link":"https:\/\/rostocktrelleborg.com\/de\/wettervorhersage\/","title":{"rendered":"Wettervorhersage Rostock und Trelleborg (Kreuzung)"},"content":{"rendered":"\n<h2 class=\"wp-block-heading\">Wettervorhersage in den H\u00e4fen<\/h2>\n\n\n\n<p>Informieren Sie sich bei Abfahrt und\/oder Ankunft \u00fcber die Wettervorhersage im <a href=\"https:\/\/rostocktrelleborg.com\/de\/rostock-hafen\/\">Hafen Rostock<\/a> und im <a href=\"https:\/\/rostocktrelleborg.com\/de\/trelleborg-hafen\/\">Hafen Trelleborg<\/a>. So k\u00f6nnen Sie das Wetter ber\u00fccksichtigen und Ihre Reiseplanung entsprechend anpassen. Tipp: Halten Sie den aktuellen <a href=\"https:\/\/rostocktrelleborg.com\/de\/fahrplan\/\">Fahrplan <\/a>bereit.<\/p>\n\n\n\n<h3 class=\"wp-block-heading\">Wettervorhersage im Rostocker Hafen<\/h3>\n\n\n<p><iframe width=\"650\" height=\"450\" src=\"https:\/\/embed.windy.com\/embed.html?type=map&#038;location=coordinates&#038;metricRain=default&#038;metricTemp=default&#038;metricWind=default&#038;zoom=11&#038;overlay=radar&#038;product=radar&#038;level=surface&#038;lat=54.103&#038;lon=12.147\" frameborder=\"0\"><\/iframe><\/p>\n\n\n\n<h3 class=\"wp-block-heading\">Wettervorhersage im Hafen von Trelleborg<\/h3>\n\n\n<p><iframe width=\"650\" height=\"450\" src=\"https:\/\/embed.windy.com\/embed.html?type=map&#038;location=coordinates&#038;metricRain=default&#038;metricTemp=default&#038;metricWind=default&#038;zoom=11&#038;overlay=radar&#038;product=radar&#038;level=surface&#038;lat=54.587&#038;lon=11.941\" frameborder=\"0\"><\/iframe><\/p>\n\n\n\n<h2 class=\"wp-block-heading\">Wettervorhersage w\u00e4hrend der \u00dcberfahrt<\/h2>\n\n\n\n<p>Wichtig ist auch, w\u00e4hrend der \u00dcberfahrt die aktuelle Wettervorhersage zu ber\u00fccksichtigen, beispielsweise ob auf der Ostsee ein Sturm aufzieht. So k\u00f6nnen Sie Ihre Kleidung entsprechend anpassen und unter anderem Wellen ber\u00fccksichtigen.<\/p>\n\n\n\n<h3 class=\"wp-block-heading\">Wind w\u00e4hrend der \u00dcberfahrt<\/h3>\n\n\n<p><iframe width=\"650\" height=\"450\" src=\"https:\/\/embed.windy.com\/embed.html?type=map&#038;location=coordinates&#038;metricRain=default&#038;metricTemp=default&#038;metricWind=default&#038;zoom=8&#038;overlay=wind&#038;product=ecmwf&#038;level=surface&#038;lat=54.355&#038;lon=11.876\" frameborder=\"0\"><\/iframe><\/p>\n\n\n\n<h3 class=\"wp-block-heading\">Wellen w\u00e4hrend der \u00dcberfahrt<\/h3>\n\n\n<p><iframe width=\"650\" height=\"450\" src=\"https:\/\/embed.windy.com\/embed.html?type=map&#038;location=coordinates&#038;metricRain=default&#038;metricTemp=default&#038;metricWind=default&#038;zoom=8&#038;overlay=waves&#038;product=ecmwfWaves&#038;level=surface&#038;lat=54.355&#038;lon=11.876\" frameborder=\"0\"><\/iframe><\/p>\n\n\n\n<h3 class=\"wp-block-heading\">Temperatur w\u00e4hrend der Fahrt<\/h3>\n\n\n<p><iframe width=\"650\" height=\"450\" src=\"https:\/\/embed.windy.com\/embed.html?type=map&#038;location=coordinates&#038;metricRain=default&#038;metricTemp=default&#038;metricWind=default&#038;zoom=8&#038;overlay=temp&#038;product=ecmwf&#038;level=surface&#038;lat=54.355&#038;lon=11.876\" frameborder=\"0\"><\/iframe><\/p>\n\n\n\n<h3 class=\"wp-block-heading\">Sturmvorhersage f\u00fcr die Ostsee (Regen und Donner)<\/h3>\n\n\n<p><iframe width=\"650\" height=\"450\" src=\"https:\/\/embed.windy.com\/embed.html?type=map&#038;location=coordinates&#038;metricRain=default&#038;metricTemp=default&#038;metricWind=default&#038;zoom=8&#038;overlay=rain&#038;product=ecmwf&#038;level=surface&#038;lat=54.355&#038;lon=11.876\" frameborder=\"0\"><\/iframe><\/p>\n\n\n\n<p>Weitere Informationen, unter anderem zu den Einrichtungen w\u00e4hrend der \u00dcberfahrt, finden Sie auch auf der Seite \u00fcber <a href=\"https:\/\/rostocktrelleborg.com\/de\/tt-line\/\">TT Line<\/a> und <a href=\"https:\/\/rostocktrelleborg.com\/de\/stena-line\/\">Stena Line<\/a>.<\/p>\n","protected":false},"excerpt":{"rendered":"<p>Wettervorhersage in den H\u00e4fen Informieren Sie sich bei Abfahrt und\/oder Ankunft \u00fcber die Wettervorhersage im Hafen Rostock und im Hafen [&hellip;]<\/p>\n","protected":false},"author":2,"featured_media":0,"parent":0,"menu_order":0,"comment_status":"closed","ping_status":"closed","template":"","meta":{"inline_featured_image":false,"site-sidebar-layout":"default","site-content-layout":"","ast-site-content-layout":"default","site-content-style":"default","site-sidebar-style":"default","ast-global-header-display":"","ast-banner-title-visibility":"","ast-main-header-display":"","ast-hfb-above-header-display":"","ast-hfb-below-header-display":"","ast-hfb-mobile-header-display":"","site-post-title":"","ast-breadcrumbs-content":"","ast-featured-img":"","footer-sml-layout":"","theme-transparent-header-meta":"","adv-header-id-meta":"","stick-header-meta":"","header-above-stick-meta":"","header-main-stick-meta":"","header-below-stick-meta":"","astra-migrate-meta-layouts":"default","ast-page-background-enabled":"default","ast-page-background-meta":{"desktop":{"background-color":"var(--ast-global-color-4)","background-image":"","background-repeat":"repeat","background-position":"center center","background-size":"auto","background-attachment":"scroll","background-type":"","background-media":"","overlay-type":"","overlay-color":"","overlay-opacity":"","overlay-gradient":""},"tablet":{"background-color":"","background-image":"","background-repeat":"repeat","background-position":"center center","background-size":"auto","background-attachment":"scroll","background-type":"","background-media":"","overlay-type":"","overlay-color":"","overlay-opacity":"","overlay-gradient":""},"mobile":{"background-color":"","background-image":"","background-repeat":"repeat","background-position":"center center","background-size":"auto","background-attachment":"scroll","background-type":"","background-media":"","overlay-type":"","overlay-color":"","overlay-opacity":"","overlay-gradient":""}},"ast-content-background-meta":{"desktop":{"background-color":"var(--ast-global-color-5)","background-image":"","background-repeat":"repeat","background-position":"center center","background-size":"auto","background-attachment":"scroll","background-type":"","background-media":"","overlay-type":"","overlay-color":"","overlay-opacity":"","overlay-gradient":""},"tablet":{"background-color":"var(--ast-global-color-5)","background-image":"","background-repeat":"repeat","background-position":"center center","background-size":"auto","background-attachment":"scroll","background-type":"","background-media":"","overlay-type":"","overlay-color":"","overlay-opacity":"","overlay-gradient":""},"mobile":{"background-color":"var(--ast-global-color-5)","background-image":"","background-repeat":"repeat","background-position":"center center","background-size":"auto","background-attachment":"scroll","background-type":"","background-media":"","overlay-type":"","overlay-color":"","overlay-opacity":"","overlay-gradient":""}},"footnotes":""},"class_list":["post-117","page","type-page","status-publish","hentry"],"yoast_head":"<!-- This site is optimized with the Yoast SEO plugin v25.3 - https:\/\/yoast.com\/wordpress\/plugins\/seo\/ -->\n<title>Wettervorhersage Rostock und Trelleborg (Kreuzung) - F\u00e4hren von Rostock nach Trelleborg<\/title>\n<meta name=\"description\" content=\"Entdecken Sie die aktuelle Wettervorhersage w\u00e4hrend der \u00dcberfahrt zwischen Rostock und Trelleborg mit der F\u00e4hre (sowie Abfahrt und Ankunft).\" \/>\n<meta name=\"robots\" content=\"index, follow, max-snippet:-1, max-image-preview:large, max-video-preview:-1\" \/>\n<link rel=\"canonical\" href=\"https:\/\/rostocktrelleborg.com\/de\/wettervorhersage\/\" \/>\n<meta property=\"og:locale\" content=\"de_DE\" \/>\n<meta property=\"og:type\" content=\"article\" \/>\n<meta property=\"og:title\" content=\"Wettervorhersage Rostock und Trelleborg (Kreuzung) - F\u00e4hren von Rostock nach Trelleborg\" \/>\n<meta property=\"og:description\" content=\"Entdecken Sie die aktuelle Wettervorhersage w\u00e4hrend der \u00dcberfahrt zwischen Rostock und Trelleborg mit der F\u00e4hre (sowie Abfahrt und Ankunft).\" \/>\n<meta property=\"og:url\" content=\"https:\/\/rostocktrelleborg.com\/de\/wettervorhersage\/\" \/>\n<meta property=\"og:site_name\" content=\"F\u00e4hren von Rostock nach Trelleborg\" \/>\n<meta name=\"twitter:card\" content=\"summary_large_image\" \/>\n<meta name=\"twitter:label1\" content=\"Gesch\u00e4tzte Lesezeit\" \/>\n\t<meta name=\"twitter:data1\" content=\"1\u00a0Minute\" \/>\n<script type=\"application\/ld+json\" class=\"yoast-schema-graph\">{\"@context\":\"https:\/\/schema.org\",\"@graph\":[{\"@type\":\"WebPage\",\"@id\":\"https:\/\/rostocktrelleborg.com\/de\/wettervorhersage\/\",\"url\":\"https:\/\/rostocktrelleborg.com\/de\/wettervorhersage\/\",\"name\":\"Wettervorhersage Rostock und Trelleborg (Kreuzung) - F\u00e4hren von Rostock nach Trelleborg\",\"isPartOf\":{\"@id\":\"https:\/\/rostocktrelleborg.com\/de\/#website\"},\"datePublished\":\"2024-04-30T11:07:45+00:00\",\"description\":\"Entdecken Sie die aktuelle Wettervorhersage w\u00e4hrend der \u00dcberfahrt zwischen Rostock und Trelleborg mit der F\u00e4hre (sowie Abfahrt und Ankunft).\",\"breadcrumb\":{\"@id\":\"https:\/\/rostocktrelleborg.com\/de\/wettervorhersage\/#breadcrumb\"},\"inLanguage\":\"de\",\"potentialAction\":[{\"@type\":\"ReadAction\",\"target\":[\"https:\/\/rostocktrelleborg.com\/de\/wettervorhersage\/\"]}]},{\"@type\":\"BreadcrumbList\",\"@id\":\"https:\/\/rostocktrelleborg.com\/de\/wettervorhersage\/#breadcrumb\",\"itemListElement\":[{\"@type\":\"ListItem\",\"position\":1,\"name\":\"Home\",\"item\":\"https:\/\/rostocktrelleborg.com\/de\/\"},{\"@type\":\"ListItem\",\"position\":2,\"name\":\"Wettervorhersage Rostock und Trelleborg (Kreuzung)\"}]},{\"@type\":\"WebSite\",\"@id\":\"https:\/\/rostocktrelleborg.com\/de\/#website\",\"url\":\"https:\/\/rostocktrelleborg.com\/de\/\",\"name\":\"F\u00e4hren von Rostock nach Trelleborg\",\"description\":\"\",\"publisher\":{\"@id\":\"https:\/\/rostocktrelleborg.com\/de\/#organization\"},\"potentialAction\":[{\"@type\":\"SearchAction\",\"target\":{\"@type\":\"EntryPoint\",\"urlTemplate\":\"https:\/\/rostocktrelleborg.com\/de\/?s={search_term_string}\"},\"query-input\":{\"@type\":\"PropertyValueSpecification\",\"valueRequired\":true,\"valueName\":\"search_term_string\"}}],\"inLanguage\":\"de\"},{\"@type\":\"Organization\",\"@id\":\"https:\/\/rostocktrelleborg.com\/de\/#organization\",\"name\":\"F\u00e4hren von Rostock nach Trelleborg\",\"url\":\"https:\/\/rostocktrelleborg.com\/de\/\",\"logo\":{\"@type\":\"ImageObject\",\"inLanguage\":\"de\",\"@id\":\"https:\/\/rostocktrelleborg.com\/de\/#\/schema\/logo\/image\/\",\"url\":\"https:\/\/rostocktrelleborg.com\/de\/wp-content\/uploads\/sites\/3\/2024\/03\/rostocktrelleborg-2.svg\",\"contentUrl\":\"https:\/\/rostocktrelleborg.com\/de\/wp-content\/uploads\/sites\/3\/2024\/03\/rostocktrelleborg-2.svg\",\"width\":500,\"height\":91,\"caption\":\"F\u00e4hren von Rostock nach Trelleborg\"},\"image\":{\"@id\":\"https:\/\/rostocktrelleborg.com\/de\/#\/schema\/logo\/image\/\"}}]}<\/script>\n<!-- \/ Yoast SEO plugin. -->","yoast_head_json":{"title":"Wettervorhersage Rostock und Trelleborg (Kreuzung) - F\u00e4hren von Rostock nach Trelleborg","description":"Entdecken Sie die aktuelle Wettervorhersage w\u00e4hrend der \u00dcberfahrt zwischen Rostock und Trelleborg mit der F\u00e4hre (sowie Abfahrt und Ankunft).","robots":{"index":"index","follow":"follow","max-snippet":"max-snippet:-1","max-image-preview":"max-image-preview:large","max-video-preview":"max-video-preview:-1"},"canonical":"https:\/\/rostocktrelleborg.com\/de\/wettervorhersage\/","og_locale":"de_DE","og_type":"article","og_title":"Wettervorhersage Rostock und Trelleborg (Kreuzung) - F\u00e4hren von Rostock nach Trelleborg","og_description":"Entdecken Sie die aktuelle Wettervorhersage w\u00e4hrend der \u00dcberfahrt zwischen Rostock und Trelleborg mit der F\u00e4hre (sowie Abfahrt und Ankunft).","og_url":"https:\/\/rostocktrelleborg.com\/de\/wettervorhersage\/","og_site_name":"F\u00e4hren von Rostock nach Trelleborg","twitter_card":"summary_large_image","twitter_misc":{"Gesch\u00e4tzte Lesezeit":"1\u00a0Minute"},"schema":{"@context":"https:\/\/schema.org","@graph":[{"@type":"WebPage","@id":"https:\/\/rostocktrelleborg.com\/de\/wettervorhersage\/","url":"https:\/\/rostocktrelleborg.com\/de\/wettervorhersage\/","name":"Wettervorhersage Rostock und Trelleborg (Kreuzung) - F\u00e4hren von Rostock nach Trelleborg","isPartOf":{"@id":"https:\/\/rostocktrelleborg.com\/de\/#website"},"datePublished":"2024-04-30T11:07:45+00:00","description":"Entdecken Sie die aktuelle Wettervorhersage w\u00e4hrend der \u00dcberfahrt zwischen Rostock und Trelleborg mit der F\u00e4hre (sowie Abfahrt und Ankunft).","breadcrumb":{"@id":"https:\/\/rostocktrelleborg.com\/de\/wettervorhersage\/#breadcrumb"},"inLanguage":"de","potentialAction":[{"@type":"ReadAction","target":["https:\/\/rostocktrelleborg.com\/de\/wettervorhersage\/"]}]},{"@type":"BreadcrumbList","@id":"https:\/\/rostocktrelleborg.com\/de\/wettervorhersage\/#breadcrumb","itemListElement":[{"@type":"ListItem","position":1,"name":"Home","item":"https:\/\/rostocktrelleborg.com\/de\/"},{"@type":"ListItem","position":2,"name":"Wettervorhersage Rostock und Trelleborg (Kreuzung)"}]},{"@type":"WebSite","@id":"https:\/\/rostocktrelleborg.com\/de\/#website","url":"https:\/\/rostocktrelleborg.com\/de\/","name":"F\u00e4hren von Rostock nach Trelleborg","description":"","publisher":{"@id":"https:\/\/rostocktrelleborg.com\/de\/#organization"},"potentialAction":[{"@type":"SearchAction","target":{"@type":"EntryPoint","urlTemplate":"https:\/\/rostocktrelleborg.com\/de\/?s={search_term_string}"},"query-input":{"@type":"PropertyValueSpecification","valueRequired":true,"valueName":"search_term_string"}}],"inLanguage":"de"},{"@type":"Organization","@id":"https:\/\/rostocktrelleborg.com\/de\/#organization","name":"F\u00e4hren von Rostock nach Trelleborg","url":"https:\/\/rostocktrelleborg.com\/de\/","logo":{"@type":"ImageObject","inLanguage":"de","@id":"https:\/\/rostocktrelleborg.com\/de\/#\/schema\/logo\/image\/","url":"https:\/\/rostocktrelleborg.com\/de\/wp-content\/uploads\/sites\/3\/2024\/03\/rostocktrelleborg-2.svg","contentUrl":"https:\/\/rostocktrelleborg.com\/de\/wp-content\/uploads\/sites\/3\/2024\/03\/rostocktrelleborg-2.svg","width":500,"height":91,"caption":"F\u00e4hren von Rostock nach Trelleborg"},"image":{"@id":"https:\/\/rostocktrelleborg.com\/de\/#\/schema\/logo\/image\/"}}]}},"_links":{"self":[{"href":"https:\/\/rostocktrelleborg.com\/de\/wp-json\/wp\/v2\/pages\/117","targetHints":{"allow":["GET"]}}],"collection":[{"href":"https:\/\/rostocktrelleborg.com\/de\/wp-json\/wp\/v2\/pages"}],"about":[{"href":"https:\/\/rostocktrelleborg.com\/de\/wp-json\/wp\/v2\/types\/page"}],"author":[{"embeddable":true,"href":"https:\/\/rostocktrelleborg.com\/de\/wp-json\/wp\/v2\/users\/2"}],"replies":[{"embeddable":true,"href":"https:\/\/rostocktrelleborg.com\/de\/wp-json\/wp\/v2\/comments?post=117"}],"version-history":[{"count":1,"href":"https:\/\/rostocktrelleborg.com\/de\/wp-json\/wp\/v2\/pages\/117\/revisions"}],"predecessor-version":[{"id":118,"href":"https:\/\/rostocktrelleborg.com\/de\/wp-json\/wp\/v2\/pages\/117\/revisions\/118"}],"wp:attachment":[{"href":"https:\/\/rostocktrelleborg.com\/de\/wp-json\/wp\/v2\/media?parent=117"}],"curies":[{"name":"wp","href":"https:\/\/api.w.org\/{rel}","templated":true}]}}