{"id":82,"date":"2024-04-30T09:00:07","date_gmt":"2024-04-30T09:00:07","guid":{"rendered":"https:\/\/rostocktrelleborg.com\/de\/?page_id=82"},"modified":"2024-04-30T12:45:31","modified_gmt":"2024-04-30T12:45:31","slug":"stena-line","status":"publish","type":"page","link":"https:\/\/rostocktrelleborg.com\/de\/stena-line\/","title":{"rendered":"Stena Line Rostock Trelleborg F\u00e4hr\u00fcberfahrt"},"content":{"rendered":"\n<p>Stena Line ist eine der F\u00e4hrgesellschaften, die die F\u00e4hr\u00fcberfahrt zwischen Rostock und Trelleborg anbietet. Die F\u00e4hrgesellschaft f\u00e4hrt dreimal t\u00e4glich und Sie k\u00f6nnen ein Ticket ab 49 Euro buchen. Auf dieser Seite erfahren Sie alles \u00fcber die \u00dcberfahrt zwischen Rostock und Trelleborg mit Stena Line.<\/p>\n\n\n\n<h2 class=\"wp-block-heading\">Informationen zur F\u00e4hr\u00fcberfahrt<\/h2>\n\n\n\n<p>Die F\u00e4hr\u00fcberfahrt mit Stena Line dauert etwa 6 Stunden, was der <a href=\"https:\/\/rostocktrelleborg.com\/de\/tt-line\/\">F\u00e4hr\u00fcberfahrt mit TT Line<\/a> entspricht. Die Strecke hat eine Gesamtl\u00e4nge von 150 Kilometern.<\/p>\n\n\n\n<p>Stena Line verkehrt dreimal t\u00e4glich zwischen Rostock und Trelleborg. Die aktuellen Abfahrtszeiten der Stena Line finden Sie in der <a href=\"https:\/\/rostocktrelleborg.com\/de\/fahrplan\/\">Fahrplan\u00fcbersicht Rostock Trelleborg<\/a>.<\/p>\n\n\n\n<h2 class=\"wp-block-heading\">Stena Line verkehrt zwischen Rostock und Trelleborg<\/h2>\n\n\n\n<p>F\u00fcr die \u00dcberfahrt zwischen Rostock und Trelleborg setzt Stena Line mehrere F\u00e4hrschiffe ein. Dies betrifft Sk\u00e5ne und Mecklenburg Vorpommern. Obwohl es sich um unterschiedliche Schiffe handelt, sind die Einrichtungen an Bord praktisch gleich:<\/p>\n\n\n\n<ul class=\"wp-block-list\">\n<li>Restaurant<\/li>\n\n\n\n<li>Speichern<\/li>\n\n\n\n<li>Sonnendeck<\/li>\n\n\n\n<li>Schlafkabinen (mit Klimaanlage)<\/li>\n\n\n\n<li>St\u00fchle<\/li>\n\n\n\n<li>Gratis Wifi<\/li>\n\n\n\n<li>Einarmige Banditen<\/li>\n<\/ul>\n\n\n\n<h2 class=\"wp-block-heading\">Reisen mit einem Haustier mit Stena Line<\/h2>\n\n\n\n<p>Planen Sie, mit einem Haustier zwischen Rostock und Trelleborg zu reisen? Dann sehen Sie sich unten die Vorschriften zur Hausinspektion bei Stena Line an.<\/p>\n\n\n\n<ul class=\"wp-block-list\">\n<li>Haustiere sind in den \u00f6ffentlichen Bereichen nicht gestattet<\/li>\n\n\n\n<li>Haustiere m\u00fcssen vor Reiseantritt gebucht werden<\/li>\n\n\n\n<li>Haustiere m\u00fcssen \u00fcber die erforderlichen Impfungen und Papiere verf\u00fcgen<\/li>\n\n\n\n<li>Assistenzhunde haben freie Fahrt und uneingeschr\u00e4nkten Zugang zu den Passagierbereichen<\/li>\n<\/ul>\n\n\n\n<p>Weitere Informationen zu den erforderlichen Impfungen und Dokumenten erhalten Sie von Ihrem Tierarzt. Sehen Sie sich auch die aktuellen schwedischen Agrarvorschriften unter <a href=\"https:\/\/jordbruksverket.se\/languages\/english\/swedish-board-of-agriculture\/animals\/pets---trade-and-travel\" target=\"_blank\" rel=\"noreferrer noopener\">\u2197jordburksverket.se<\/a> an.<\/p>\n\n\n\n<h2 class=\"wp-block-heading\">Preise von Stena Line<\/h2>\n\n\n\n<p>Was Sie f\u00fcr die \u00dcberfahrt mit Stena Line bezahlen, h\u00e4ngt von mehreren Faktoren ab. Die Anzahl der Passagiere spielt eine Rolle, ebenso wie die Art des Fahrzeugs, mit dem Sie reisen. Folgende Faktoren beeinflussen den Preis:<\/p>\n\n\n\n<ul class=\"wp-block-list\">\n<li>Anzahl der Passagiere (Erwachsene, Kinder)<\/li>\n\n\n\n<li>Der Fahrzeugtyp<\/li>\n\n\n\n<li>Art des Tickets (Hin- und R\u00fcckfahrt oder Einzelfahrkarte)<\/li>\n\n\n\n<li>Extras an Bord (Kabinen, Sitze)<\/li>\n<\/ul>\n\n\n\n<p>Stena Line bietet auch Sondertickets an, bei denen Sie das Ticket beispielsweise flexibel auf andere Termine umbuchen k\u00f6nnen. Diese sogenannten Flexi-Tickets sind teurer als regul\u00e4re Economy-Tickets.<\/p>\n\n\n\n<p>Weitere Informationen zu den <a href=\"https:\/\/rostocktrelleborg.com\/de\/preise\/\">Preisen der Rostock-Trelleborg-\u00dcberfahrt<\/a> finden Sie hier.<\/p>\n\n\n\n<h2 class=\"wp-block-heading\">Kontakt- und Adressdaten von Stena Line<\/h2>\n\n\n\n<p>Bei Fragen zur \u00dcberfahrt mit Stena Line oder zu einer bereits get\u00e4tigten Buchung k\u00f6nnen Sie Stena Line auf verschiedenen Wegen kontaktieren:<\/p>\n\n\n\n<ul class=\"wp-block-list\">\n<li><strong>Website: <\/strong><a href=\"https:\/\/rostocktrelleborg.com\/de\/go\/stena\" target=\"_blank\" rel=\"noreferrer noopener\">\u2197https:\/\/www.stenaline.de\/<\/a><\/li>\n\n\n\n<li><strong>Telefonnummer:<\/strong> +31 174 315 811 (Montag bis Freitag von 9 bis 17 Uhr)<\/li>\n\n\n\n<li><strong>Adresse in den Niederlanden:<\/strong> Stationsweg 10, 3151 HS Hoek van Holland<\/li>\n<\/ul>\n\n\n\n<h3 class=\"wp-block-heading\">Details zum Stena Line-Terminal<\/h3>\n\n\n\n<p>Stena Line-Terminals finden Sie im Rostocker Hafen und im Trelleborger Hafen. Die \u00d6ffnungszeiten und Kontaktdaten der Stena Line-Terminals variieren je nach Hafen:<\/p>\n\n\n\n<ul class=\"wp-block-list\">\n<li>Stena Line-Terminal Rostocker Hafen<\/li>\n\n\n\n<li>Stena Line-Terminal im Hafen von Trelleborg<\/li>\n<\/ul>\n\n\n\n<p>F\u00fcr Einrichtungen und Wegbeschreibungen haben wir eine Informationsseite f\u00fcr den <a href=\"https:\/\/rostocktrelleborg.com\/de\/rostock-hafen\/\">Hafen Rostock<\/a> und den <a href=\"https:\/\/rostocktrelleborg.com\/de\/trelleborg-hafen\/\">Hafen Trelleborg<\/a>.<\/p>\n","protected":false},"excerpt":{"rendered":"<p>Stena Line ist eine der F\u00e4hrgesellschaften, die die F\u00e4hr\u00fcberfahrt zwischen Rostock und Trelleborg anbietet. Die F\u00e4hrgesellschaft f\u00e4hrt dreimal t\u00e4glich und [&hellip;]<\/p>\n","protected":false},"author":2,"featured_media":0,"parent":0,"menu_order":0,"comment_status":"closed","ping_status":"closed","template":"","meta":{"inline_featured_image":false,"site-sidebar-layout":"default","site-content-layout":"","ast-site-content-layout":"default","site-content-style":"default","site-sidebar-style":"default","ast-global-header-display":"","ast-banner-title-visibility":"","ast-main-header-display":"","ast-hfb-above-header-display":"","ast-hfb-below-header-display":"","ast-hfb-mobile-header-display":"","site-post-title":"","ast-breadcrumbs-content":"","ast-featured-img":"","footer-sml-layout":"","theme-transparent-header-meta":"","adv-header-id-meta":"","stick-header-meta":"","header-above-stick-meta":"","header-main-stick-meta":"","header-below-stick-meta":"","astra-migrate-meta-layouts":"default","ast-page-background-enabled":"default","ast-page-background-meta":{"desktop":{"background-color":"var(--ast-global-color-4)","background-image":"","background-repeat":"repeat","background-position":"center center","background-size":"auto","background-attachment":"scroll","background-type":"","background-media":"","overlay-type":"","overlay-color":"","overlay-opacity":"","overlay-gradient":""},"tablet":{"background-color":"","background-image":"","background-repeat":"repeat","background-position":"center center","background-size":"auto","background-attachment":"scroll","background-type":"","background-media":"","overlay-type":"","overlay-color":"","overlay-opacity":"","overlay-gradient":""},"mobile":{"background-color":"","background-image":"","background-repeat":"repeat","background-position":"center center","background-size":"auto","background-attachment":"scroll","background-type":"","background-media":"","overlay-type":"","overlay-color":"","overlay-opacity":"","overlay-gradient":""}},"ast-content-background-meta":{"desktop":{"background-color":"var(--ast-global-color-5)","background-image":"","background-repeat":"repeat","background-position":"center center","background-size":"auto","background-attachment":"scroll","background-type":"","background-media":"","overlay-type":"","overlay-color":"","overlay-opacity":"","overlay-gradient":""},"tablet":{"background-color":"var(--ast-global-color-5)","background-image":"","background-repeat":"repeat","background-position":"center center","background-size":"auto","background-attachment":"scroll","background-type":"","background-media":"","overlay-type":"","overlay-color":"","overlay-opacity":"","overlay-gradient":""},"mobile":{"background-color":"var(--ast-global-color-5)","background-image":"","background-repeat":"repeat","background-position":"center center","background-size":"auto","background-attachment":"scroll","background-type":"","background-media":"","overlay-type":"","overlay-color":"","overlay-opacity":"","overlay-gradient":""}},"footnotes":""},"class_list":["post-82","page","type-page","status-publish","hentry"],"yoast_head":"<!-- This site is optimized with the Yoast SEO plugin v25.3 - https:\/\/yoast.com\/wordpress\/plugins\/seo\/ -->\n<title>Stena Line Rostock Trelleborg F\u00e4hr\u00fcberfahrt - F\u00e4hren von Rostock nach Trelleborg<\/title>\n<meta name=\"description\" content=\"Alles \u00fcber die F\u00e4hr\u00fcberfahrt der Stena Line zwischen Rostock und Trelleborg: Routeninformationen, Preise, Richtlinien f\u00fcr Haustiere und Kontakt.\" \/>\n<meta name=\"robots\" content=\"index, follow, max-snippet:-1, max-image-preview:large, max-video-preview:-1\" \/>\n<link rel=\"canonical\" href=\"https:\/\/rostocktrelleborg.com\/de\/stena-line\/\" \/>\n<meta property=\"og:locale\" content=\"de_DE\" \/>\n<meta property=\"og:type\" content=\"article\" \/>\n<meta property=\"og:title\" content=\"Stena Line Rostock Trelleborg F\u00e4hr\u00fcberfahrt - F\u00e4hren von Rostock nach Trelleborg\" \/>\n<meta property=\"og:description\" content=\"Alles \u00fcber die F\u00e4hr\u00fcberfahrt der Stena Line zwischen Rostock und Trelleborg: Routeninformationen, Preise, Richtlinien f\u00fcr Haustiere und Kontakt.\" \/>\n<meta property=\"og:url\" content=\"https:\/\/rostocktrelleborg.com\/de\/stena-line\/\" \/>\n<meta property=\"og:site_name\" content=\"F\u00e4hren von Rostock nach Trelleborg\" \/>\n<meta property=\"article:modified_time\" content=\"2024-04-30T12:45:31+00:00\" \/>\n<meta name=\"twitter:card\" content=\"summary_large_image\" \/>\n<meta name=\"twitter:label1\" content=\"Gesch\u00e4tzte Lesezeit\" \/>\n\t<meta name=\"twitter:data1\" content=\"2\u00a0Minuten\" \/>\n<script type=\"application\/ld+json\" class=\"yoast-schema-graph\">{\"@context\":\"https:\/\/schema.org\",\"@graph\":[{\"@type\":\"WebPage\",\"@id\":\"https:\/\/rostocktrelleborg.com\/de\/stena-line\/\",\"url\":\"https:\/\/rostocktrelleborg.com\/de\/stena-line\/\",\"name\":\"Stena Line Rostock Trelleborg F\u00e4hr\u00fcberfahrt - F\u00e4hren von Rostock nach Trelleborg\",\"isPartOf\":{\"@id\":\"https:\/\/rostocktrelleborg.com\/de\/#website\"},\"datePublished\":\"2024-04-30T09:00:07+00:00\",\"dateModified\":\"2024-04-30T12:45:31+00:00\",\"description\":\"Alles \u00fcber die F\u00e4hr\u00fcberfahrt der Stena Line zwischen Rostock und Trelleborg: Routeninformationen, Preise, Richtlinien f\u00fcr Haustiere und Kontakt.\",\"breadcrumb\":{\"@id\":\"https:\/\/rostocktrelleborg.com\/de\/stena-line\/#breadcrumb\"},\"inLanguage\":\"de\",\"potentialAction\":[{\"@type\":\"ReadAction\",\"target\":[\"https:\/\/rostocktrelleborg.com\/de\/stena-line\/\"]}]},{\"@type\":\"BreadcrumbList\",\"@id\":\"https:\/\/rostocktrelleborg.com\/de\/stena-line\/#breadcrumb\",\"itemListElement\":[{\"@type\":\"ListItem\",\"position\":1,\"name\":\"Home\",\"item\":\"https:\/\/rostocktrelleborg.com\/de\/\"},{\"@type\":\"ListItem\",\"position\":2,\"name\":\"Stena Line Rostock Trelleborg F\u00e4hr\u00fcberfahrt\"}]},{\"@type\":\"WebSite\",\"@id\":\"https:\/\/rostocktrelleborg.com\/de\/#website\",\"url\":\"https:\/\/rostocktrelleborg.com\/de\/\",\"name\":\"F\u00e4hren von Rostock nach Trelleborg\",\"description\":\"\",\"publisher\":{\"@id\":\"https:\/\/rostocktrelleborg.com\/de\/#organization\"},\"potentialAction\":[{\"@type\":\"SearchAction\",\"target\":{\"@type\":\"EntryPoint\",\"urlTemplate\":\"https:\/\/rostocktrelleborg.com\/de\/?s={search_term_string}\"},\"query-input\":{\"@type\":\"PropertyValueSpecification\",\"valueRequired\":true,\"valueName\":\"search_term_string\"}}],\"inLanguage\":\"de\"},{\"@type\":\"Organization\",\"@id\":\"https:\/\/rostocktrelleborg.com\/de\/#organization\",\"name\":\"F\u00e4hren von Rostock nach Trelleborg\",\"url\":\"https:\/\/rostocktrelleborg.com\/de\/\",\"logo\":{\"@type\":\"ImageObject\",\"inLanguage\":\"de\",\"@id\":\"https:\/\/rostocktrelleborg.com\/de\/#\/schema\/logo\/image\/\",\"url\":\"https:\/\/rostocktrelleborg.com\/de\/wp-content\/uploads\/sites\/3\/2024\/03\/rostocktrelleborg-2.svg\",\"contentUrl\":\"https:\/\/rostocktrelleborg.com\/de\/wp-content\/uploads\/sites\/3\/2024\/03\/rostocktrelleborg-2.svg\",\"width\":500,\"height\":91,\"caption\":\"F\u00e4hren von Rostock nach Trelleborg\"},\"image\":{\"@id\":\"https:\/\/rostocktrelleborg.com\/de\/#\/schema\/logo\/image\/\"}}]}<\/script>\n<!-- \/ Yoast SEO plugin. -->","yoast_head_json":{"title":"Stena Line Rostock Trelleborg F\u00e4hr\u00fcberfahrt - F\u00e4hren von Rostock nach Trelleborg","description":"Alles \u00fcber die F\u00e4hr\u00fcberfahrt der Stena Line zwischen Rostock und Trelleborg: Routeninformationen, Preise, Richtlinien f\u00fcr Haustiere und Kontakt.","robots":{"index":"index","follow":"follow","max-snippet":"max-snippet:-1","max-image-preview":"max-image-preview:large","max-video-preview":"max-video-preview:-1"},"canonical":"https:\/\/rostocktrelleborg.com\/de\/stena-line\/","og_locale":"de_DE","og_type":"article","og_title":"Stena Line Rostock Trelleborg F\u00e4hr\u00fcberfahrt - F\u00e4hren von Rostock nach Trelleborg","og_description":"Alles \u00fcber die F\u00e4hr\u00fcberfahrt der Stena Line zwischen Rostock und Trelleborg: Routeninformationen, Preise, Richtlinien f\u00fcr Haustiere und Kontakt.","og_url":"https:\/\/rostocktrelleborg.com\/de\/stena-line\/","og_site_name":"F\u00e4hren von Rostock nach Trelleborg","article_modified_time":"2024-04-30T12:45:31+00:00","twitter_card":"summary_large_image","twitter_misc":{"Gesch\u00e4tzte Lesezeit":"2\u00a0Minuten"},"schema":{"@context":"https:\/\/schema.org","@graph":[{"@type":"WebPage","@id":"https:\/\/rostocktrelleborg.com\/de\/stena-line\/","url":"https:\/\/rostocktrelleborg.com\/de\/stena-line\/","name":"Stena Line Rostock Trelleborg F\u00e4hr\u00fcberfahrt - F\u00e4hren von Rostock nach Trelleborg","isPartOf":{"@id":"https:\/\/rostocktrelleborg.com\/de\/#website"},"datePublished":"2024-04-30T09:00:07+00:00","dateModified":"2024-04-30T12:45:31+00:00","description":"Alles \u00fcber die F\u00e4hr\u00fcberfahrt der Stena Line zwischen Rostock und Trelleborg: Routeninformationen, Preise, Richtlinien f\u00fcr Haustiere und Kontakt.","breadcrumb":{"@id":"https:\/\/rostocktrelleborg.com\/de\/stena-line\/#breadcrumb"},"inLanguage":"de","potentialAction":[{"@type":"ReadAction","target":["https:\/\/rostocktrelleborg.com\/de\/stena-line\/"]}]},{"@type":"BreadcrumbList","@id":"https:\/\/rostocktrelleborg.com\/de\/stena-line\/#breadcrumb","itemListElement":[{"@type":"ListItem","position":1,"name":"Home","item":"https:\/\/rostocktrelleborg.com\/de\/"},{"@type":"ListItem","position":2,"name":"Stena Line Rostock Trelleborg F\u00e4hr\u00fcberfahrt"}]},{"@type":"WebSite","@id":"https:\/\/rostocktrelleborg.com\/de\/#website","url":"https:\/\/rostocktrelleborg.com\/de\/","name":"F\u00e4hren von Rostock nach Trelleborg","description":"","publisher":{"@id":"https:\/\/rostocktrelleborg.com\/de\/#organization"},"potentialAction":[{"@type":"SearchAction","target":{"@type":"EntryPoint","urlTemplate":"https:\/\/rostocktrelleborg.com\/de\/?s={search_term_string}"},"query-input":{"@type":"PropertyValueSpecification","valueRequired":true,"valueName":"search_term_string"}}],"inLanguage":"de"},{"@type":"Organization","@id":"https:\/\/rostocktrelleborg.com\/de\/#organization","name":"F\u00e4hren von Rostock nach Trelleborg","url":"https:\/\/rostocktrelleborg.com\/de\/","logo":{"@type":"ImageObject","inLanguage":"de","@id":"https:\/\/rostocktrelleborg.com\/de\/#\/schema\/logo\/image\/","url":"https:\/\/rostocktrelleborg.com\/de\/wp-content\/uploads\/sites\/3\/2024\/03\/rostocktrelleborg-2.svg","contentUrl":"https:\/\/rostocktrelleborg.com\/de\/wp-content\/uploads\/sites\/3\/2024\/03\/rostocktrelleborg-2.svg","width":500,"height":91,"caption":"F\u00e4hren von Rostock nach Trelleborg"},"image":{"@id":"https:\/\/rostocktrelleborg.com\/de\/#\/schema\/logo\/image\/"}}]}},"_links":{"self":[{"href":"https:\/\/rostocktrelleborg.com\/de\/wp-json\/wp\/v2\/pages\/82","targetHints":{"allow":["GET"]}}],"collection":[{"href":"https:\/\/rostocktrelleborg.com\/de\/wp-json\/wp\/v2\/pages"}],"about":[{"href":"https:\/\/rostocktrelleborg.com\/de\/wp-json\/wp\/v2\/types\/page"}],"author":[{"embeddable":true,"href":"https:\/\/rostocktrelleborg.com\/de\/wp-json\/wp\/v2\/users\/2"}],"replies":[{"embeddable":true,"href":"https:\/\/rostocktrelleborg.com\/de\/wp-json\/wp\/v2\/comments?post=82"}],"version-history":[{"count":2,"href":"https:\/\/rostocktrelleborg.com\/de\/wp-json\/wp\/v2\/pages\/82\/revisions"}],"predecessor-version":[{"id":145,"href":"https:\/\/rostocktrelleborg.com\/de\/wp-json\/wp\/v2\/pages\/82\/revisions\/145"}],"wp:attachment":[{"href":"https:\/\/rostocktrelleborg.com\/de\/wp-json\/wp\/v2\/media?parent=82"}],"curies":[{"name":"wp","href":"https:\/\/api.w.org\/{rel}","templated":true}]}}