{"id":98,"date":"2024-04-30T09:20:45","date_gmt":"2024-04-30T09:20:45","guid":{"rendered":"https:\/\/rostocktrelleborg.com\/de\/?page_id=98"},"modified":"2024-04-30T12:46:44","modified_gmt":"2024-04-30T12:46:44","slug":"trelleborg-hafen","status":"publish","type":"page","link":"https:\/\/rostocktrelleborg.com\/de\/trelleborg-hafen\/","title":{"rendered":"Trelleborg Hafen"},"content":{"rendered":"\n<p>T\u00e4gliche \u00dcberfahrten finden vom Hafen Trelleborg zum und vom <a href=\"https:\/\/rostocktrelleborg.com\/de\/rostock-hafen\/\">Hafen Rostock<\/a> in Deutschland statt.<\/p>\n\n\n\n<h2 class=\"wp-block-heading\">Einrichtungen im Hafen<\/h2>\n\n\n\n<p>Sehen Sie alle wichtigen Einrichtungen im Hafen auf einen Blick:<\/p>\n\n\n\n<ul class=\"wp-block-list\">\n<li>Gratis Wifi<\/li>\n\n\n\n<li>Toiletten<\/li>\n\n\n\n<li>Geldautomat<\/li>\n<\/ul>\n\n\n\n<p><strong>Bitte beachten Sie:<\/strong> Im Hafen von Trelleborg gibt es keine Restaurants. Es ist gut zu wissen, dass das Zentrum zu Fu\u00df erreichbar ist (\u00fcber den Rijksweg 9), um dort verschiedene Restaurants und Caf\u00e9s zu entdecken.<\/p>\n\n\n\n<p>Das Video unten zeigt deutlich den Hafen von Trelleborg.<\/p>\n\n\n\n<figure class=\"wp-block-embed is-type-video is-provider-youtube wp-block-embed-youtube wp-embed-aspect-16-9 wp-has-aspect-ratio\"><div class=\"wp-block-embed__wrapper\">\n<div class=\"ast-oembed-container \" style=\"height: 100%;\"><iframe title=\"Port of Trelleborg\" width=\"500\" height=\"281\" src=\"https:\/\/www.youtube.com\/embed\/AlADtexcqgw?feature=oembed\" frameborder=\"0\" allow=\"accelerometer; autoplay; clipboard-write; encrypted-media; gyroscope; picture-in-picture; web-share\" referrerpolicy=\"strict-origin-when-cross-origin\" allowfullscreen><\/iframe><\/div>\n<\/div><\/figure>\n\n\n\n<h2 class=\"wp-block-heading\">Webcam im Hafen von Trelleborg<\/h2>\n\n\n\n<p>Sehen Sie sich unten Live-Webcam-Bilder vom Hafen von Trelleborg an.<\/p>\n\n\n<p><a name=\"windy-webcam-timelapse-player\" data-id=\"1692443215\" data-play=\"day\" href=\"https:\/\/windy.com\/webcams\/1692443215\" target=\"_blank\" rel=\"noopener\">Rostock: Radisson Blu Hotel<\/a><script async type=\"text\/javascript\" src=\"https:\/\/webcams.windy.com\/webcams\/public\/embed\/script\/player.js\"><\/script><\/p>\n\n\n\n<h2 class=\"wp-block-heading\">Adresse und Kontaktdaten des Hafens<\/h2>\n\n\n\n<p>Sehen Sie sich unten die Adress- und Kontaktdaten des Hafens und der verschiedenen Stena Line- und TT Line-Terminals an.<\/p>\n\n\n\n<h3 class=\"wp-block-heading\">Allgemeine Adressdaten<\/h3>\n\n\n\n<ul class=\"wp-block-list\">\n<li><strong>Adressdaten: <\/strong>Norra Nyhamnsgatan, Trelleborg<\/li>\n\n\n\n<li><strong>Website:<\/strong> <a href=\"https:\/\/www.trelleborgshamn.se\/en\/english\/\" target=\"_blank\" rel=\"noreferrer noopener\">\u2197https:\/\/www.trelleborgshamn.se\/<\/a><\/li>\n\n\n\n<li><strong>Telefonnummer: <\/strong>+46 (0) 410 36 37 00<\/li>\n<\/ul>\n\n\n\n<h3 class=\"wp-block-heading\">TT Line-Terminal im Hafen von Trelleborg<\/h3>\n\n\n\n<p>Sehen Sie sich unten die Details des <a href=\"https:\/\/rostocktrelleborg.com\/de\/tt-line\/\">TT Line<\/a> Terminals im Hafen von Trelleborg an.<\/p>\n\n\n\n<ul class=\"wp-block-list\">\n<li><strong>Adressdaten:<\/strong> TT Line AB, Norra Nyhamnsgatan 1b, 23161, Trelleborg<\/li>\n\n\n\n<li><strong>Website:<\/strong> <a href=\"\/de\/go\/ttline\" target=\"_blank\" rel=\"noreferrer noopener\">\u2197https:\/\/www.ttline.com\/de\/<\/a><\/li>\n\n\n\n<li><strong>Telefonnummer: <\/strong>+49 (0) 4502 801 81<\/li>\n<\/ul>\n\n\n\n<h3 class=\"wp-block-heading\">Stena Line-Terminal im Hafen von Trelleborg<\/h3>\n\n\n\n<p>Die Adresse und Kontaktdaten des Terminals von <a href=\"https:\/\/rostocktrelleborg.com\/de\/stena-line\/\">Stena Line<\/a> im Hafen von Trelleborg:<\/p>\n\n\n\n<ul class=\"wp-block-list\">\n<li><strong>Adressdaten:<\/strong> Norra Nyhamnsgatan 1a, 23161, Trelleborg<\/li>\n\n\n\n<li><strong>Website:<\/strong> <a href=\"\/de\/go\/stena\">\u2197https:\/\/www.stenaline.de\/<\/a><\/li>\n\n\n\n<li><strong>Telefonnummer:<\/strong> +31 174 315 811<\/li>\n<\/ul>\n","protected":false},"excerpt":{"rendered":"<p>T\u00e4gliche \u00dcberfahrten finden vom Hafen Trelleborg zum und vom Hafen Rostock in Deutschland statt. Einrichtungen im Hafen Sehen Sie alle [&hellip;]<\/p>\n","protected":false},"author":2,"featured_media":0,"parent":0,"menu_order":0,"comment_status":"closed","ping_status":"closed","template":"","meta":{"inline_featured_image":false,"site-sidebar-layout":"default","site-content-layout":"","ast-site-content-layout":"default","site-content-style":"default","site-sidebar-style":"default","ast-global-header-display":"","ast-banner-title-visibility":"","ast-main-header-display":"","ast-hfb-above-header-display":"","ast-hfb-below-header-display":"","ast-hfb-mobile-header-display":"","site-post-title":"","ast-breadcrumbs-content":"","ast-featured-img":"","footer-sml-layout":"","theme-transparent-header-meta":"","adv-header-id-meta":"","stick-header-meta":"","header-above-stick-meta":"","header-main-stick-meta":"","header-below-stick-meta":"","astra-migrate-meta-layouts":"default","ast-page-background-enabled":"default","ast-page-background-meta":{"desktop":{"background-color":"var(--ast-global-color-4)","background-image":"","background-repeat":"repeat","background-position":"center center","background-size":"auto","background-attachment":"scroll","background-type":"","background-media":"","overlay-type":"","overlay-color":"","overlay-opacity":"","overlay-gradient":""},"tablet":{"background-color":"","background-image":"","background-repeat":"repeat","background-position":"center center","background-size":"auto","background-attachment":"scroll","background-type":"","background-media":"","overlay-type":"","overlay-color":"","overlay-opacity":"","overlay-gradient":""},"mobile":{"background-color":"","background-image":"","background-repeat":"repeat","background-position":"center center","background-size":"auto","background-attachment":"scroll","background-type":"","background-media":"","overlay-type":"","overlay-color":"","overlay-opacity":"","overlay-gradient":""}},"ast-content-background-meta":{"desktop":{"background-color":"var(--ast-global-color-5)","background-image":"","background-repeat":"repeat","background-position":"center center","background-size":"auto","background-attachment":"scroll","background-type":"","background-media":"","overlay-type":"","overlay-color":"","overlay-opacity":"","overlay-gradient":""},"tablet":{"background-color":"var(--ast-global-color-5)","background-image":"","background-repeat":"repeat","background-position":"center center","background-size":"auto","background-attachment":"scroll","background-type":"","background-media":"","overlay-type":"","overlay-color":"","overlay-opacity":"","overlay-gradient":""},"mobile":{"background-color":"var(--ast-global-color-5)","background-image":"","background-repeat":"repeat","background-position":"center center","background-size":"auto","background-attachment":"scroll","background-type":"","background-media":"","overlay-type":"","overlay-color":"","overlay-opacity":"","overlay-gradient":""}},"footnotes":""},"class_list":["post-98","page","type-page","status-publish","hentry"],"yoast_head":"<!-- This site is optimized with the Yoast SEO plugin v25.3 - https:\/\/yoast.com\/wordpress\/plugins\/seo\/ -->\n<title>Trelleborg Hafen - F\u00e4hren von Rostock nach Trelleborg<\/title>\n<meta name=\"description\" content=\"Erfahren Sie alles, was Sie \u00fcber den Hafen Trelleborg wissen m\u00fcssen: Route, Kontakt und Adresse, Webcam und Terminals (TT-Linie\/Stena-Linie).\" \/>\n<meta name=\"robots\" content=\"index, follow, max-snippet:-1, max-image-preview:large, max-video-preview:-1\" \/>\n<link rel=\"canonical\" href=\"https:\/\/rostocktrelleborg.com\/de\/trelleborg-hafen\/\" \/>\n<meta property=\"og:locale\" content=\"de_DE\" \/>\n<meta property=\"og:type\" content=\"article\" \/>\n<meta property=\"og:title\" content=\"Trelleborg Hafen - F\u00e4hren von Rostock nach Trelleborg\" \/>\n<meta property=\"og:description\" content=\"Erfahren Sie alles, was Sie \u00fcber den Hafen Trelleborg wissen m\u00fcssen: Route, Kontakt und Adresse, Webcam und Terminals (TT-Linie\/Stena-Linie).\" \/>\n<meta property=\"og:url\" content=\"https:\/\/rostocktrelleborg.com\/de\/trelleborg-hafen\/\" \/>\n<meta property=\"og:site_name\" content=\"F\u00e4hren von Rostock nach Trelleborg\" \/>\n<meta property=\"article:modified_time\" content=\"2024-04-30T12:46:44+00:00\" \/>\n<meta name=\"twitter:card\" content=\"summary_large_image\" \/>\n<meta name=\"twitter:label1\" content=\"Gesch\u00e4tzte Lesezeit\" \/>\n\t<meta name=\"twitter:data1\" content=\"1\u00a0Minute\" \/>\n<script type=\"application\/ld+json\" class=\"yoast-schema-graph\">{\"@context\":\"https:\/\/schema.org\",\"@graph\":[{\"@type\":\"WebPage\",\"@id\":\"https:\/\/rostocktrelleborg.com\/de\/trelleborg-hafen\/\",\"url\":\"https:\/\/rostocktrelleborg.com\/de\/trelleborg-hafen\/\",\"name\":\"Trelleborg Hafen - F\u00e4hren von Rostock nach Trelleborg\",\"isPartOf\":{\"@id\":\"https:\/\/rostocktrelleborg.com\/de\/#website\"},\"datePublished\":\"2024-04-30T09:20:45+00:00\",\"dateModified\":\"2024-04-30T12:46:44+00:00\",\"description\":\"Erfahren Sie alles, was Sie \u00fcber den Hafen Trelleborg wissen m\u00fcssen: Route, Kontakt und Adresse, Webcam und Terminals (TT-Linie\/Stena-Linie).\",\"breadcrumb\":{\"@id\":\"https:\/\/rostocktrelleborg.com\/de\/trelleborg-hafen\/#breadcrumb\"},\"inLanguage\":\"de\",\"potentialAction\":[{\"@type\":\"ReadAction\",\"target\":[\"https:\/\/rostocktrelleborg.com\/de\/trelleborg-hafen\/\"]}]},{\"@type\":\"BreadcrumbList\",\"@id\":\"https:\/\/rostocktrelleborg.com\/de\/trelleborg-hafen\/#breadcrumb\",\"itemListElement\":[{\"@type\":\"ListItem\",\"position\":1,\"name\":\"Home\",\"item\":\"https:\/\/rostocktrelleborg.com\/de\/\"},{\"@type\":\"ListItem\",\"position\":2,\"name\":\"Trelleborg Hafen\"}]},{\"@type\":\"WebSite\",\"@id\":\"https:\/\/rostocktrelleborg.com\/de\/#website\",\"url\":\"https:\/\/rostocktrelleborg.com\/de\/\",\"name\":\"F\u00e4hren von Rostock nach Trelleborg\",\"description\":\"\",\"publisher\":{\"@id\":\"https:\/\/rostocktrelleborg.com\/de\/#organization\"},\"potentialAction\":[{\"@type\":\"SearchAction\",\"target\":{\"@type\":\"EntryPoint\",\"urlTemplate\":\"https:\/\/rostocktrelleborg.com\/de\/?s={search_term_string}\"},\"query-input\":{\"@type\":\"PropertyValueSpecification\",\"valueRequired\":true,\"valueName\":\"search_term_string\"}}],\"inLanguage\":\"de\"},{\"@type\":\"Organization\",\"@id\":\"https:\/\/rostocktrelleborg.com\/de\/#organization\",\"name\":\"F\u00e4hren von Rostock nach Trelleborg\",\"url\":\"https:\/\/rostocktrelleborg.com\/de\/\",\"logo\":{\"@type\":\"ImageObject\",\"inLanguage\":\"de\",\"@id\":\"https:\/\/rostocktrelleborg.com\/de\/#\/schema\/logo\/image\/\",\"url\":\"https:\/\/rostocktrelleborg.com\/de\/wp-content\/uploads\/sites\/3\/2024\/03\/rostocktrelleborg-2.svg\",\"contentUrl\":\"https:\/\/rostocktrelleborg.com\/de\/wp-content\/uploads\/sites\/3\/2024\/03\/rostocktrelleborg-2.svg\",\"width\":500,\"height\":91,\"caption\":\"F\u00e4hren von Rostock nach Trelleborg\"},\"image\":{\"@id\":\"https:\/\/rostocktrelleborg.com\/de\/#\/schema\/logo\/image\/\"}}]}<\/script>\n<!-- \/ Yoast SEO plugin. -->","yoast_head_json":{"title":"Trelleborg Hafen - F\u00e4hren von Rostock nach Trelleborg","description":"Erfahren Sie alles, was Sie \u00fcber den Hafen Trelleborg wissen m\u00fcssen: Route, Kontakt und Adresse, Webcam und Terminals (TT-Linie\/Stena-Linie).","robots":{"index":"index","follow":"follow","max-snippet":"max-snippet:-1","max-image-preview":"max-image-preview:large","max-video-preview":"max-video-preview:-1"},"canonical":"https:\/\/rostocktrelleborg.com\/de\/trelleborg-hafen\/","og_locale":"de_DE","og_type":"article","og_title":"Trelleborg Hafen - F\u00e4hren von Rostock nach Trelleborg","og_description":"Erfahren Sie alles, was Sie \u00fcber den Hafen Trelleborg wissen m\u00fcssen: Route, Kontakt und Adresse, Webcam und Terminals (TT-Linie\/Stena-Linie).","og_url":"https:\/\/rostocktrelleborg.com\/de\/trelleborg-hafen\/","og_site_name":"F\u00e4hren von Rostock nach Trelleborg","article_modified_time":"2024-04-30T12:46:44+00:00","twitter_card":"summary_large_image","twitter_misc":{"Gesch\u00e4tzte Lesezeit":"1\u00a0Minute"},"schema":{"@context":"https:\/\/schema.org","@graph":[{"@type":"WebPage","@id":"https:\/\/rostocktrelleborg.com\/de\/trelleborg-hafen\/","url":"https:\/\/rostocktrelleborg.com\/de\/trelleborg-hafen\/","name":"Trelleborg Hafen - F\u00e4hren von Rostock nach Trelleborg","isPartOf":{"@id":"https:\/\/rostocktrelleborg.com\/de\/#website"},"datePublished":"2024-04-30T09:20:45+00:00","dateModified":"2024-04-30T12:46:44+00:00","description":"Erfahren Sie alles, was Sie \u00fcber den Hafen Trelleborg wissen m\u00fcssen: Route, Kontakt und Adresse, Webcam und Terminals (TT-Linie\/Stena-Linie).","breadcrumb":{"@id":"https:\/\/rostocktrelleborg.com\/de\/trelleborg-hafen\/#breadcrumb"},"inLanguage":"de","potentialAction":[{"@type":"ReadAction","target":["https:\/\/rostocktrelleborg.com\/de\/trelleborg-hafen\/"]}]},{"@type":"BreadcrumbList","@id":"https:\/\/rostocktrelleborg.com\/de\/trelleborg-hafen\/#breadcrumb","itemListElement":[{"@type":"ListItem","position":1,"name":"Home","item":"https:\/\/rostocktrelleborg.com\/de\/"},{"@type":"ListItem","position":2,"name":"Trelleborg Hafen"}]},{"@type":"WebSite","@id":"https:\/\/rostocktrelleborg.com\/de\/#website","url":"https:\/\/rostocktrelleborg.com\/de\/","name":"F\u00e4hren von Rostock nach Trelleborg","description":"","publisher":{"@id":"https:\/\/rostocktrelleborg.com\/de\/#organization"},"potentialAction":[{"@type":"SearchAction","target":{"@type":"EntryPoint","urlTemplate":"https:\/\/rostocktrelleborg.com\/de\/?s={search_term_string}"},"query-input":{"@type":"PropertyValueSpecification","valueRequired":true,"valueName":"search_term_string"}}],"inLanguage":"de"},{"@type":"Organization","@id":"https:\/\/rostocktrelleborg.com\/de\/#organization","name":"F\u00e4hren von Rostock nach Trelleborg","url":"https:\/\/rostocktrelleborg.com\/de\/","logo":{"@type":"ImageObject","inLanguage":"de","@id":"https:\/\/rostocktrelleborg.com\/de\/#\/schema\/logo\/image\/","url":"https:\/\/rostocktrelleborg.com\/de\/wp-content\/uploads\/sites\/3\/2024\/03\/rostocktrelleborg-2.svg","contentUrl":"https:\/\/rostocktrelleborg.com\/de\/wp-content\/uploads\/sites\/3\/2024\/03\/rostocktrelleborg-2.svg","width":500,"height":91,"caption":"F\u00e4hren von Rostock nach Trelleborg"},"image":{"@id":"https:\/\/rostocktrelleborg.com\/de\/#\/schema\/logo\/image\/"}}]}},"_links":{"self":[{"href":"https:\/\/rostocktrelleborg.com\/de\/wp-json\/wp\/v2\/pages\/98","targetHints":{"allow":["GET"]}}],"collection":[{"href":"https:\/\/rostocktrelleborg.com\/de\/wp-json\/wp\/v2\/pages"}],"about":[{"href":"https:\/\/rostocktrelleborg.com\/de\/wp-json\/wp\/v2\/types\/page"}],"author":[{"embeddable":true,"href":"https:\/\/rostocktrelleborg.com\/de\/wp-json\/wp\/v2\/users\/2"}],"replies":[{"embeddable":true,"href":"https:\/\/rostocktrelleborg.com\/de\/wp-json\/wp\/v2\/comments?post=98"}],"version-history":[{"count":1,"href":"https:\/\/rostocktrelleborg.com\/de\/wp-json\/wp\/v2\/pages\/98\/revisions"}],"predecessor-version":[{"id":99,"href":"https:\/\/rostocktrelleborg.com\/de\/wp-json\/wp\/v2\/pages\/98\/revisions\/99"}],"wp:attachment":[{"href":"https:\/\/rostocktrelleborg.com\/de\/wp-json\/wp\/v2\/media?parent=98"}],"curies":[{"name":"wp","href":"https:\/\/api.w.org\/{rel}","templated":true}]}}