{"id":107,"date":"2024-05-27T08:28:11","date_gmt":"2024-05-27T08:28:11","guid":{"rendered":"https:\/\/rostocktrelleborg.com\/no\/?page_id=107"},"modified":"2024-05-27T08:28:11","modified_gmt":"2024-05-27T08:28:11","slug":"vaermelding","status":"publish","type":"page","link":"https:\/\/rostocktrelleborg.com\/no\/vaermelding\/","title":{"rendered":"V\u00e6rmelding Rostock og Trelleborg (kryss)"},"content":{"rendered":"\n<h2 class=\"wp-block-heading\">V\u00e6rmelding i havnene<\/h2>\n\n\n\n<p>Finn ut v\u00e6rmeldingen ved <a href=\"https:\/\/rostocktrelleborg.com\/no\/rostock-havn\/\">havnen i Rostock<\/a> og <a href=\"https:\/\/rostocktrelleborg.com\/no\/trelleborg-havn\/\">havnen i Trelleborg<\/a> ved avgang og\/eller ankomst. P\u00e5 denne m\u00e5ten kan du ta hensyn til v\u00e6ret og justere reiseplanleggingen deretter. Tips: hold <a href=\"https:\/\/rostocktrelleborg.com\/no\/rutetider\/\">gjeldende rutetider<\/a> for h\u00e5nden.<\/p>\n\n\n\n<h3 class=\"wp-block-heading\">V\u00e6rmelding i havnen i Rostock<\/h3>\n\n\n<p><iframe width=\"650\" height=\"450\" src=\"https:\/\/embed.windy.com\/embed.html?type=map&#038;location=coordinates&#038;metricRain=default&#038;metricTemp=default&#038;metricWind=default&#038;zoom=11&#038;overlay=radar&#038;product=radar&#038;level=surface&#038;lat=54.103&#038;lon=12.147\" frameborder=\"0\"><\/iframe><\/p>\n\n\n\n<h3 class=\"wp-block-heading\">V\u00e6rmelding i Trelleborg havn<\/h3>\n\n\n<p><iframe width=\"650\" height=\"450\" src=\"https:\/\/embed.windy.com\/embed.html?type=map&#038;location=coordinates&#038;metricRain=default&#038;metricTemp=default&#038;metricWind=default&#038;zoom=11&#038;overlay=radar&#038;product=radar&#038;level=surface&#038;lat=54.587&#038;lon=11.941\" frameborder=\"0\"><\/iframe><\/p>\n\n\n\n<h2 class=\"wp-block-heading\">V\u00e6rmelding under overfarten<\/h2>\n\n\n\n<p>Det er ogs\u00e5 viktig \u00e5 ta hensyn til gjeldende v\u00e6rmelding under overfarten, for eksempel om en storm n\u00e6rmer seg p\u00e5 \u00d8stersj\u00f8en. P\u00e5 denne m\u00e5ten kan du tilpasse kl\u00e6rne dine deretter og ta hensyn til blant annet b\u00f8lger.<\/p>\n\n\n\n<h3 class=\"wp-block-heading\">Vind under overfarten<\/h3>\n\n\n<p><iframe width=\"650\" height=\"450\" src=\"https:\/\/embed.windy.com\/embed.html?type=map&#038;location=coordinates&#038;metricRain=default&#038;metricTemp=default&#038;metricWind=default&#038;zoom=8&#038;overlay=wind&#038;product=ecmwf&#038;level=surface&#038;lat=54.355&#038;lon=11.876\" frameborder=\"0\"><\/iframe><\/p>\n\n\n\n<h3 class=\"wp-block-heading\">B\u00f8lger under overfarten<\/h3>\n\n\n<p><iframe width=\"650\" height=\"450\" src=\"https:\/\/embed.windy.com\/embed.html?type=map&#038;location=coordinates&#038;metricRain=default&#038;metricTemp=default&#038;metricWind=default&#038;zoom=8&#038;overlay=waves&#038;product=ecmwfWaves&#038;level=surface&#038;lat=54.355&#038;lon=11.876\" frameborder=\"0\"><\/iframe><\/p>\n\n\n\n<h3 class=\"wp-block-heading\">Temperatur under turen<\/h3>\n\n\n<p><iframe width=\"650\" height=\"450\" src=\"https:\/\/embed.windy.com\/embed.html?type=map&#038;location=coordinates&#038;metricRain=default&#038;metricTemp=default&#038;metricWind=default&#038;zoom=8&#038;overlay=temp&#038;product=ecmwf&#038;level=surface&#038;lat=54.355&#038;lon=11.876\" frameborder=\"0\"><\/iframe><\/p>\n\n\n\n<h3 class=\"wp-block-heading\">\u00d8stersj\u00f8en stormvarsel (regn og torden)<\/h3>\n\n\n<p><iframe width=\"650\" height=\"450\" src=\"https:\/\/embed.windy.com\/embed.html?type=map&#038;location=coordinates&#038;metricRain=default&#038;metricTemp=default&#038;metricWind=default&#038;zoom=8&#038;overlay=rain&#038;product=ecmwf&#038;level=surface&#038;lat=54.355&#038;lon=11.876\" frameborder=\"0\"><\/iframe><\/p>\n\n\n\n<p>Se ogs\u00e5 siden om <a href=\"https:\/\/rostocktrelleborg.com\/no\/tt-line\/\">TT Line<\/a> og <a href=\"https:\/\/rostocktrelleborg.com\/no\/stena-line\/\">Stena Line<\/a> for mer informasjon om blant annet fasilitetene under overfarten.<\/p>\n","protected":false},"excerpt":{"rendered":"<p>V\u00e6rmelding i havnene Finn ut v\u00e6rmeldingen ved havnen i Rostock og havnen i Trelleborg ved avgang og\/eller ankomst. P\u00e5 denne [&hellip;]<\/p>\n","protected":false},"author":2,"featured_media":0,"parent":0,"menu_order":0,"comment_status":"closed","ping_status":"closed","template":"","meta":{"inline_featured_image":false,"site-sidebar-layout":"default","site-content-layout":"","ast-site-content-layout":"default","site-content-style":"default","site-sidebar-style":"default","ast-global-header-display":"","ast-banner-title-visibility":"","ast-main-header-display":"","ast-hfb-above-header-display":"","ast-hfb-below-header-display":"","ast-hfb-mobile-header-display":"","site-post-title":"","ast-breadcrumbs-content":"","ast-featured-img":"","footer-sml-layout":"","theme-transparent-header-meta":"","adv-header-id-meta":"","stick-header-meta":"","header-above-stick-meta":"","header-main-stick-meta":"","header-below-stick-meta":"","astra-migrate-meta-layouts":"default","ast-page-background-enabled":"default","ast-page-background-meta":{"desktop":{"background-color":"var(--ast-global-color-4)","background-image":"","background-repeat":"repeat","background-position":"center center","background-size":"auto","background-attachment":"scroll","background-type":"","background-media":"","overlay-type":"","overlay-color":"","overlay-opacity":"","overlay-gradient":""},"tablet":{"background-color":"","background-image":"","background-repeat":"repeat","background-position":"center center","background-size":"auto","background-attachment":"scroll","background-type":"","background-media":"","overlay-type":"","overlay-color":"","overlay-opacity":"","overlay-gradient":""},"mobile":{"background-color":"","background-image":"","background-repeat":"repeat","background-position":"center center","background-size":"auto","background-attachment":"scroll","background-type":"","background-media":"","overlay-type":"","overlay-color":"","overlay-opacity":"","overlay-gradient":""}},"ast-content-background-meta":{"desktop":{"background-color":"var(--ast-global-color-5)","background-image":"","background-repeat":"repeat","background-position":"center center","background-size":"auto","background-attachment":"scroll","background-type":"","background-media":"","overlay-type":"","overlay-color":"","overlay-opacity":"","overlay-gradient":""},"tablet":{"background-color":"var(--ast-global-color-5)","background-image":"","background-repeat":"repeat","background-position":"center center","background-size":"auto","background-attachment":"scroll","background-type":"","background-media":"","overlay-type":"","overlay-color":"","overlay-opacity":"","overlay-gradient":""},"mobile":{"background-color":"var(--ast-global-color-5)","background-image":"","background-repeat":"repeat","background-position":"center center","background-size":"auto","background-attachment":"scroll","background-type":"","background-media":"","overlay-type":"","overlay-color":"","overlay-opacity":"","overlay-gradient":""}},"footnotes":""},"class_list":["post-107","page","type-page","status-publish","hentry"],"yoast_head":"<!-- This site is optimized with the Yoast SEO plugin v25.3 - https:\/\/yoast.com\/wordpress\/plugins\/seo\/ -->\n<title>V\u00e6rmelding Rostock og Trelleborg (kryss) - Ferger fra Trelleborg til Rostock<\/title>\n<meta name=\"description\" content=\"Oppdag gjeldende v\u00e6rmelding under overfarten mellom Rostock Trelleborg med ferge (og avgang og ankomst).\" \/>\n<meta name=\"robots\" content=\"index, follow, max-snippet:-1, max-image-preview:large, max-video-preview:-1\" \/>\n<link rel=\"canonical\" href=\"https:\/\/rostocktrelleborg.com\/no\/vaermelding\/\" \/>\n<meta property=\"og:locale\" content=\"nb_NO\" \/>\n<meta property=\"og:type\" content=\"article\" \/>\n<meta property=\"og:title\" content=\"V\u00e6rmelding Rostock og Trelleborg (kryss) - Ferger fra Trelleborg til Rostock\" \/>\n<meta property=\"og:description\" content=\"Oppdag gjeldende v\u00e6rmelding under overfarten mellom Rostock Trelleborg med ferge (og avgang og ankomst).\" \/>\n<meta property=\"og:url\" content=\"https:\/\/rostocktrelleborg.com\/no\/vaermelding\/\" \/>\n<meta property=\"og:site_name\" content=\"Ferger fra Trelleborg til Rostock\" \/>\n<meta name=\"twitter:card\" content=\"summary_large_image\" \/>\n<meta name=\"twitter:label1\" content=\"Ansl. lesetid\" \/>\n\t<meta name=\"twitter:data1\" content=\"1 minutt\" \/>\n<script type=\"application\/ld+json\" class=\"yoast-schema-graph\">{\"@context\":\"https:\/\/schema.org\",\"@graph\":[{\"@type\":\"WebPage\",\"@id\":\"https:\/\/rostocktrelleborg.com\/no\/vaermelding\/\",\"url\":\"https:\/\/rostocktrelleborg.com\/no\/vaermelding\/\",\"name\":\"V\u00e6rmelding Rostock og Trelleborg (kryss) - Ferger fra Trelleborg til Rostock\",\"isPartOf\":{\"@id\":\"https:\/\/rostocktrelleborg.com\/no\/#website\"},\"datePublished\":\"2024-05-27T08:28:11+00:00\",\"description\":\"Oppdag gjeldende v\u00e6rmelding under overfarten mellom Rostock Trelleborg med ferge (og avgang og ankomst).\",\"breadcrumb\":{\"@id\":\"https:\/\/rostocktrelleborg.com\/no\/vaermelding\/#breadcrumb\"},\"inLanguage\":\"nb-NO\",\"potentialAction\":[{\"@type\":\"ReadAction\",\"target\":[\"https:\/\/rostocktrelleborg.com\/no\/vaermelding\/\"]}]},{\"@type\":\"BreadcrumbList\",\"@id\":\"https:\/\/rostocktrelleborg.com\/no\/vaermelding\/#breadcrumb\",\"itemListElement\":[{\"@type\":\"ListItem\",\"position\":1,\"name\":\"Home\",\"item\":\"https:\/\/rostocktrelleborg.com\/no\/\"},{\"@type\":\"ListItem\",\"position\":2,\"name\":\"V\u00e6rmelding Rostock og Trelleborg (kryss)\"}]},{\"@type\":\"WebSite\",\"@id\":\"https:\/\/rostocktrelleborg.com\/no\/#website\",\"url\":\"https:\/\/rostocktrelleborg.com\/no\/\",\"name\":\"Ferger fra Trelleborg til Rostock\",\"description\":\"\",\"publisher\":{\"@id\":\"https:\/\/rostocktrelleborg.com\/no\/#organization\"},\"potentialAction\":[{\"@type\":\"SearchAction\",\"target\":{\"@type\":\"EntryPoint\",\"urlTemplate\":\"https:\/\/rostocktrelleborg.com\/no\/?s={search_term_string}\"},\"query-input\":{\"@type\":\"PropertyValueSpecification\",\"valueRequired\":true,\"valueName\":\"search_term_string\"}}],\"inLanguage\":\"nb-NO\"},{\"@type\":\"Organization\",\"@id\":\"https:\/\/rostocktrelleborg.com\/no\/#organization\",\"name\":\"Ferger fra Trelleborg til Rostock\",\"url\":\"https:\/\/rostocktrelleborg.com\/no\/\",\"logo\":{\"@type\":\"ImageObject\",\"inLanguage\":\"nb-NO\",\"@id\":\"https:\/\/rostocktrelleborg.com\/no\/#\/schema\/logo\/image\/\",\"url\":\"https:\/\/rostocktrelleborg.com\/no\/wp-content\/uploads\/sites\/5\/2024\/03\/rostocktrelleborg-2.svg\",\"contentUrl\":\"https:\/\/rostocktrelleborg.com\/no\/wp-content\/uploads\/sites\/5\/2024\/03\/rostocktrelleborg-2.svg\",\"width\":500,\"height\":91,\"caption\":\"Ferger fra Trelleborg til Rostock\"},\"image\":{\"@id\":\"https:\/\/rostocktrelleborg.com\/no\/#\/schema\/logo\/image\/\"}}]}<\/script>\n<!-- \/ Yoast SEO plugin. -->","yoast_head_json":{"title":"V\u00e6rmelding Rostock og Trelleborg (kryss) - Ferger fra Trelleborg til Rostock","description":"Oppdag gjeldende v\u00e6rmelding under overfarten mellom Rostock Trelleborg med ferge (og avgang og ankomst).","robots":{"index":"index","follow":"follow","max-snippet":"max-snippet:-1","max-image-preview":"max-image-preview:large","max-video-preview":"max-video-preview:-1"},"canonical":"https:\/\/rostocktrelleborg.com\/no\/vaermelding\/","og_locale":"nb_NO","og_type":"article","og_title":"V\u00e6rmelding Rostock og Trelleborg (kryss) - Ferger fra Trelleborg til Rostock","og_description":"Oppdag gjeldende v\u00e6rmelding under overfarten mellom Rostock Trelleborg med ferge (og avgang og ankomst).","og_url":"https:\/\/rostocktrelleborg.com\/no\/vaermelding\/","og_site_name":"Ferger fra Trelleborg til Rostock","twitter_card":"summary_large_image","twitter_misc":{"Ansl. lesetid":"1 minutt"},"schema":{"@context":"https:\/\/schema.org","@graph":[{"@type":"WebPage","@id":"https:\/\/rostocktrelleborg.com\/no\/vaermelding\/","url":"https:\/\/rostocktrelleborg.com\/no\/vaermelding\/","name":"V\u00e6rmelding Rostock og Trelleborg (kryss) - Ferger fra Trelleborg til Rostock","isPartOf":{"@id":"https:\/\/rostocktrelleborg.com\/no\/#website"},"datePublished":"2024-05-27T08:28:11+00:00","description":"Oppdag gjeldende v\u00e6rmelding under overfarten mellom Rostock Trelleborg med ferge (og avgang og ankomst).","breadcrumb":{"@id":"https:\/\/rostocktrelleborg.com\/no\/vaermelding\/#breadcrumb"},"inLanguage":"nb-NO","potentialAction":[{"@type":"ReadAction","target":["https:\/\/rostocktrelleborg.com\/no\/vaermelding\/"]}]},{"@type":"BreadcrumbList","@id":"https:\/\/rostocktrelleborg.com\/no\/vaermelding\/#breadcrumb","itemListElement":[{"@type":"ListItem","position":1,"name":"Home","item":"https:\/\/rostocktrelleborg.com\/no\/"},{"@type":"ListItem","position":2,"name":"V\u00e6rmelding Rostock og Trelleborg (kryss)"}]},{"@type":"WebSite","@id":"https:\/\/rostocktrelleborg.com\/no\/#website","url":"https:\/\/rostocktrelleborg.com\/no\/","name":"Ferger fra Trelleborg til Rostock","description":"","publisher":{"@id":"https:\/\/rostocktrelleborg.com\/no\/#organization"},"potentialAction":[{"@type":"SearchAction","target":{"@type":"EntryPoint","urlTemplate":"https:\/\/rostocktrelleborg.com\/no\/?s={search_term_string}"},"query-input":{"@type":"PropertyValueSpecification","valueRequired":true,"valueName":"search_term_string"}}],"inLanguage":"nb-NO"},{"@type":"Organization","@id":"https:\/\/rostocktrelleborg.com\/no\/#organization","name":"Ferger fra Trelleborg til Rostock","url":"https:\/\/rostocktrelleborg.com\/no\/","logo":{"@type":"ImageObject","inLanguage":"nb-NO","@id":"https:\/\/rostocktrelleborg.com\/no\/#\/schema\/logo\/image\/","url":"https:\/\/rostocktrelleborg.com\/no\/wp-content\/uploads\/sites\/5\/2024\/03\/rostocktrelleborg-2.svg","contentUrl":"https:\/\/rostocktrelleborg.com\/no\/wp-content\/uploads\/sites\/5\/2024\/03\/rostocktrelleborg-2.svg","width":500,"height":91,"caption":"Ferger fra Trelleborg til Rostock"},"image":{"@id":"https:\/\/rostocktrelleborg.com\/no\/#\/schema\/logo\/image\/"}}]}},"_links":{"self":[{"href":"https:\/\/rostocktrelleborg.com\/no\/wp-json\/wp\/v2\/pages\/107","targetHints":{"allow":["GET"]}}],"collection":[{"href":"https:\/\/rostocktrelleborg.com\/no\/wp-json\/wp\/v2\/pages"}],"about":[{"href":"https:\/\/rostocktrelleborg.com\/no\/wp-json\/wp\/v2\/types\/page"}],"author":[{"embeddable":true,"href":"https:\/\/rostocktrelleborg.com\/no\/wp-json\/wp\/v2\/users\/2"}],"replies":[{"embeddable":true,"href":"https:\/\/rostocktrelleborg.com\/no\/wp-json\/wp\/v2\/comments?post=107"}],"version-history":[{"count":1,"href":"https:\/\/rostocktrelleborg.com\/no\/wp-json\/wp\/v2\/pages\/107\/revisions"}],"predecessor-version":[{"id":108,"href":"https:\/\/rostocktrelleborg.com\/no\/wp-json\/wp\/v2\/pages\/107\/revisions\/108"}],"wp:attachment":[{"href":"https:\/\/rostocktrelleborg.com\/no\/wp-json\/wp\/v2\/media?parent=107"}],"curies":[{"name":"wp","href":"https:\/\/api.w.org\/{rel}","templated":true}]}}