{"id":91,"date":"2024-05-27T07:59:24","date_gmt":"2024-05-27T07:59:24","guid":{"rendered":"https:\/\/rostocktrelleborg.com\/no\/?page_id=91"},"modified":"2024-05-27T08:42:45","modified_gmt":"2024-05-27T08:42:45","slug":"priser","status":"publish","type":"page","link":"https:\/\/rostocktrelleborg.com\/no\/priser\/","title":{"rendered":"Priser p\u00e5 fergeoverfarten mellom Rostock og Trelleborg"},"content":{"rendered":"\n<p>Overfarten mellom Rostock og Trelleborg utf\u00f8res av to fergeforbindelser: <a href=\"https:\/\/rostocktrelleborg.com\/no\/tt-line\/\">TT Line<\/a> og <a href=\"https:\/\/rostocktrelleborg.com\/no\/stena-line\/\">Stena Line<\/a>. Det er greit \u00e5 sammenligne prisene til begge leverand\u00f8rene f\u00f8r du bestiller billettene. P\u00e5 denne siden vil du finne all informasjon om prisene og prisene for overfarten.<\/p>\n\n\n\n<h2 class=\"wp-block-heading\">Sammenligne priser<\/h2>\n\n\n\n<p>B\u00e5de Stena Line og TT Line melder om en startpris p\u00e5 49 euro. Dette gjelder en enveisreise, med bil og en sj\u00e5f\u00f8r. For \u00e5 se og sammenligne gjeldende priser per leverand\u00f8r kan du bruke bookingmodulen nedenfor.<\/p>\n\n\n<div id=\"bookingmodule\"><iframe id=\"dealFinder\" marginwidth=\"0\" frameborder=\"0\" scrolling=\"no\" height=\"100%\" marginheight=\"0\" style=\"width:100%;\" src=\"https:\/\/wiz.directferries.com\/partners\/deal_finder_iframe.aspx?stdc=F6602NO&#038;cult=nb-NO&#038;oprt=Rostock&#038;rprt=Trelleborg&#038;btn=D00C33&#038;btnh=800006&#038;btnt=FFFFFF&#038;tclr=000001&#038;lclr=000001&#038;lbld=400&#038;pclr=64b6e6&#038;sclr=64b6e6&#038;targ=0\" style=\"z-index:1\"><\/iframe><\/div>\n\n\n\n<h2 class=\"wp-block-heading\">Faktorer som avhenger av prisen<\/h2>\n\n\n\n<p>Det er en rekke faktorer som p\u00e5virker prisen p\u00e5 fergeoverfarten mellom Rostock og Trelleborg:<\/p>\n\n\n\n<ul class=\"wp-block-list\">\n<li>Antall passasjerer<\/li>\n\n\n\n<li>Kj\u00f8ret\u00f8ytype (bil, bobil, campingvogn)<\/li>\n\n\n\n<li>Reiseperiode (h\u00f8y- eller lavsesong)<\/li>\n\n\n\n<li>Tidspunkt for bestilling (jo tidligere, jo billigere)<\/li>\n<\/ul>\n\n\n\n<p>Du kan sjekke <a href=\"https:\/\/rostocktrelleborg.com\/no\/rutetider\/\">gjeldende rutetider<\/a> for \u00e5 se n\u00e5r hvilket fergeselskap g\u00e5r og ankommer. Bestill i tide, dette kan spare deg for mye penger.<\/p>\n","protected":false},"excerpt":{"rendered":"<p>Overfarten mellom Rostock og Trelleborg utf\u00f8res av to fergeforbindelser: TT Line og Stena Line. Det er greit \u00e5 sammenligne prisene [&hellip;]<\/p>\n","protected":false},"author":2,"featured_media":0,"parent":0,"menu_order":0,"comment_status":"closed","ping_status":"closed","template":"","meta":{"inline_featured_image":false,"site-sidebar-layout":"default","site-content-layout":"","ast-site-content-layout":"default","site-content-style":"default","site-sidebar-style":"default","ast-global-header-display":"","ast-banner-title-visibility":"","ast-main-header-display":"","ast-hfb-above-header-display":"","ast-hfb-below-header-display":"","ast-hfb-mobile-header-display":"","site-post-title":"","ast-breadcrumbs-content":"","ast-featured-img":"","footer-sml-layout":"","theme-transparent-header-meta":"","adv-header-id-meta":"","stick-header-meta":"","header-above-stick-meta":"","header-main-stick-meta":"","header-below-stick-meta":"","astra-migrate-meta-layouts":"default","ast-page-background-enabled":"default","ast-page-background-meta":{"desktop":{"background-color":"var(--ast-global-color-4)","background-image":"","background-repeat":"repeat","background-position":"center center","background-size":"auto","background-attachment":"scroll","background-type":"","background-media":"","overlay-type":"","overlay-color":"","overlay-opacity":"","overlay-gradient":""},"tablet":{"background-color":"","background-image":"","background-repeat":"repeat","background-position":"center center","background-size":"auto","background-attachment":"scroll","background-type":"","background-media":"","overlay-type":"","overlay-color":"","overlay-opacity":"","overlay-gradient":""},"mobile":{"background-color":"","background-image":"","background-repeat":"repeat","background-position":"center center","background-size":"auto","background-attachment":"scroll","background-type":"","background-media":"","overlay-type":"","overlay-color":"","overlay-opacity":"","overlay-gradient":""}},"ast-content-background-meta":{"desktop":{"background-color":"var(--ast-global-color-5)","background-image":"","background-repeat":"repeat","background-position":"center center","background-size":"auto","background-attachment":"scroll","background-type":"","background-media":"","overlay-type":"","overlay-color":"","overlay-opacity":"","overlay-gradient":""},"tablet":{"background-color":"var(--ast-global-color-5)","background-image":"","background-repeat":"repeat","background-position":"center center","background-size":"auto","background-attachment":"scroll","background-type":"","background-media":"","overlay-type":"","overlay-color":"","overlay-opacity":"","overlay-gradient":""},"mobile":{"background-color":"var(--ast-global-color-5)","background-image":"","background-repeat":"repeat","background-position":"center center","background-size":"auto","background-attachment":"scroll","background-type":"","background-media":"","overlay-type":"","overlay-color":"","overlay-opacity":"","overlay-gradient":""}},"footnotes":""},"class_list":["post-91","page","type-page","status-publish","hentry"],"yoast_head":"<!-- This site is optimized with the Yoast SEO plugin v25.3 - https:\/\/yoast.com\/wordpress\/plugins\/seo\/ -->\n<title>Priser p\u00e5 fergeoverfarten mellom Rostock og Trelleborg - Ferger fra Trelleborg til Rostock<\/title>\n<meta name=\"description\" content=\"Oppdag prisene p\u00e5 fergeoverfarten mellom Rostock og Trelleborg: sammenlign priser og priser p\u00e5 TT Line og Stena Line.\" \/>\n<meta name=\"robots\" content=\"index, follow, max-snippet:-1, max-image-preview:large, max-video-preview:-1\" \/>\n<link rel=\"canonical\" href=\"https:\/\/rostocktrelleborg.com\/no\/priser\/\" \/>\n<meta property=\"og:locale\" content=\"nb_NO\" \/>\n<meta property=\"og:type\" content=\"article\" \/>\n<meta property=\"og:title\" content=\"Priser p\u00e5 fergeoverfarten mellom Rostock og Trelleborg - Ferger fra Trelleborg til Rostock\" \/>\n<meta property=\"og:description\" content=\"Oppdag prisene p\u00e5 fergeoverfarten mellom Rostock og Trelleborg: sammenlign priser og priser p\u00e5 TT Line og Stena Line.\" \/>\n<meta property=\"og:url\" content=\"https:\/\/rostocktrelleborg.com\/no\/priser\/\" \/>\n<meta property=\"og:site_name\" content=\"Ferger fra Trelleborg til Rostock\" \/>\n<meta property=\"article:modified_time\" content=\"2024-05-27T08:42:45+00:00\" \/>\n<meta name=\"twitter:card\" content=\"summary_large_image\" \/>\n<meta name=\"twitter:label1\" content=\"Ansl. lesetid\" \/>\n\t<meta name=\"twitter:data1\" content=\"1 minutt\" \/>\n<script type=\"application\/ld+json\" class=\"yoast-schema-graph\">{\"@context\":\"https:\/\/schema.org\",\"@graph\":[{\"@type\":\"WebPage\",\"@id\":\"https:\/\/rostocktrelleborg.com\/no\/priser\/\",\"url\":\"https:\/\/rostocktrelleborg.com\/no\/priser\/\",\"name\":\"Priser p\u00e5 fergeoverfarten mellom Rostock og Trelleborg - Ferger fra Trelleborg til Rostock\",\"isPartOf\":{\"@id\":\"https:\/\/rostocktrelleborg.com\/no\/#website\"},\"datePublished\":\"2024-05-27T07:59:24+00:00\",\"dateModified\":\"2024-05-27T08:42:45+00:00\",\"description\":\"Oppdag prisene p\u00e5 fergeoverfarten mellom Rostock og Trelleborg: sammenlign priser og priser p\u00e5 TT Line og Stena Line.\",\"breadcrumb\":{\"@id\":\"https:\/\/rostocktrelleborg.com\/no\/priser\/#breadcrumb\"},\"inLanguage\":\"nb-NO\",\"potentialAction\":[{\"@type\":\"ReadAction\",\"target\":[\"https:\/\/rostocktrelleborg.com\/no\/priser\/\"]}]},{\"@type\":\"BreadcrumbList\",\"@id\":\"https:\/\/rostocktrelleborg.com\/no\/priser\/#breadcrumb\",\"itemListElement\":[{\"@type\":\"ListItem\",\"position\":1,\"name\":\"Home\",\"item\":\"https:\/\/rostocktrelleborg.com\/no\/\"},{\"@type\":\"ListItem\",\"position\":2,\"name\":\"Priser p\u00e5 fergeoverfarten mellom Rostock og Trelleborg\"}]},{\"@type\":\"WebSite\",\"@id\":\"https:\/\/rostocktrelleborg.com\/no\/#website\",\"url\":\"https:\/\/rostocktrelleborg.com\/no\/\",\"name\":\"Ferger fra Trelleborg til Rostock\",\"description\":\"\",\"publisher\":{\"@id\":\"https:\/\/rostocktrelleborg.com\/no\/#organization\"},\"potentialAction\":[{\"@type\":\"SearchAction\",\"target\":{\"@type\":\"EntryPoint\",\"urlTemplate\":\"https:\/\/rostocktrelleborg.com\/no\/?s={search_term_string}\"},\"query-input\":{\"@type\":\"PropertyValueSpecification\",\"valueRequired\":true,\"valueName\":\"search_term_string\"}}],\"inLanguage\":\"nb-NO\"},{\"@type\":\"Organization\",\"@id\":\"https:\/\/rostocktrelleborg.com\/no\/#organization\",\"name\":\"Ferger fra Trelleborg til Rostock\",\"url\":\"https:\/\/rostocktrelleborg.com\/no\/\",\"logo\":{\"@type\":\"ImageObject\",\"inLanguage\":\"nb-NO\",\"@id\":\"https:\/\/rostocktrelleborg.com\/no\/#\/schema\/logo\/image\/\",\"url\":\"https:\/\/rostocktrelleborg.com\/no\/wp-content\/uploads\/sites\/5\/2024\/03\/rostocktrelleborg-2.svg\",\"contentUrl\":\"https:\/\/rostocktrelleborg.com\/no\/wp-content\/uploads\/sites\/5\/2024\/03\/rostocktrelleborg-2.svg\",\"width\":500,\"height\":91,\"caption\":\"Ferger fra Trelleborg til Rostock\"},\"image\":{\"@id\":\"https:\/\/rostocktrelleborg.com\/no\/#\/schema\/logo\/image\/\"}}]}<\/script>\n<!-- \/ Yoast SEO plugin. -->","yoast_head_json":{"title":"Priser p\u00e5 fergeoverfarten mellom Rostock og Trelleborg - Ferger fra Trelleborg til Rostock","description":"Oppdag prisene p\u00e5 fergeoverfarten mellom Rostock og Trelleborg: sammenlign priser og priser p\u00e5 TT Line og Stena Line.","robots":{"index":"index","follow":"follow","max-snippet":"max-snippet:-1","max-image-preview":"max-image-preview:large","max-video-preview":"max-video-preview:-1"},"canonical":"https:\/\/rostocktrelleborg.com\/no\/priser\/","og_locale":"nb_NO","og_type":"article","og_title":"Priser p\u00e5 fergeoverfarten mellom Rostock og Trelleborg - Ferger fra Trelleborg til Rostock","og_description":"Oppdag prisene p\u00e5 fergeoverfarten mellom Rostock og Trelleborg: sammenlign priser og priser p\u00e5 TT Line og Stena Line.","og_url":"https:\/\/rostocktrelleborg.com\/no\/priser\/","og_site_name":"Ferger fra Trelleborg til Rostock","article_modified_time":"2024-05-27T08:42:45+00:00","twitter_card":"summary_large_image","twitter_misc":{"Ansl. lesetid":"1 minutt"},"schema":{"@context":"https:\/\/schema.org","@graph":[{"@type":"WebPage","@id":"https:\/\/rostocktrelleborg.com\/no\/priser\/","url":"https:\/\/rostocktrelleborg.com\/no\/priser\/","name":"Priser p\u00e5 fergeoverfarten mellom Rostock og Trelleborg - Ferger fra Trelleborg til Rostock","isPartOf":{"@id":"https:\/\/rostocktrelleborg.com\/no\/#website"},"datePublished":"2024-05-27T07:59:24+00:00","dateModified":"2024-05-27T08:42:45+00:00","description":"Oppdag prisene p\u00e5 fergeoverfarten mellom Rostock og Trelleborg: sammenlign priser og priser p\u00e5 TT Line og Stena Line.","breadcrumb":{"@id":"https:\/\/rostocktrelleborg.com\/no\/priser\/#breadcrumb"},"inLanguage":"nb-NO","potentialAction":[{"@type":"ReadAction","target":["https:\/\/rostocktrelleborg.com\/no\/priser\/"]}]},{"@type":"BreadcrumbList","@id":"https:\/\/rostocktrelleborg.com\/no\/priser\/#breadcrumb","itemListElement":[{"@type":"ListItem","position":1,"name":"Home","item":"https:\/\/rostocktrelleborg.com\/no\/"},{"@type":"ListItem","position":2,"name":"Priser p\u00e5 fergeoverfarten mellom Rostock og Trelleborg"}]},{"@type":"WebSite","@id":"https:\/\/rostocktrelleborg.com\/no\/#website","url":"https:\/\/rostocktrelleborg.com\/no\/","name":"Ferger fra Trelleborg til Rostock","description":"","publisher":{"@id":"https:\/\/rostocktrelleborg.com\/no\/#organization"},"potentialAction":[{"@type":"SearchAction","target":{"@type":"EntryPoint","urlTemplate":"https:\/\/rostocktrelleborg.com\/no\/?s={search_term_string}"},"query-input":{"@type":"PropertyValueSpecification","valueRequired":true,"valueName":"search_term_string"}}],"inLanguage":"nb-NO"},{"@type":"Organization","@id":"https:\/\/rostocktrelleborg.com\/no\/#organization","name":"Ferger fra Trelleborg til Rostock","url":"https:\/\/rostocktrelleborg.com\/no\/","logo":{"@type":"ImageObject","inLanguage":"nb-NO","@id":"https:\/\/rostocktrelleborg.com\/no\/#\/schema\/logo\/image\/","url":"https:\/\/rostocktrelleborg.com\/no\/wp-content\/uploads\/sites\/5\/2024\/03\/rostocktrelleborg-2.svg","contentUrl":"https:\/\/rostocktrelleborg.com\/no\/wp-content\/uploads\/sites\/5\/2024\/03\/rostocktrelleborg-2.svg","width":500,"height":91,"caption":"Ferger fra Trelleborg til Rostock"},"image":{"@id":"https:\/\/rostocktrelleborg.com\/no\/#\/schema\/logo\/image\/"}}]}},"_links":{"self":[{"href":"https:\/\/rostocktrelleborg.com\/no\/wp-json\/wp\/v2\/pages\/91","targetHints":{"allow":["GET"]}}],"collection":[{"href":"https:\/\/rostocktrelleborg.com\/no\/wp-json\/wp\/v2\/pages"}],"about":[{"href":"https:\/\/rostocktrelleborg.com\/no\/wp-json\/wp\/v2\/types\/page"}],"author":[{"embeddable":true,"href":"https:\/\/rostocktrelleborg.com\/no\/wp-json\/wp\/v2\/users\/2"}],"replies":[{"embeddable":true,"href":"https:\/\/rostocktrelleborg.com\/no\/wp-json\/wp\/v2\/comments?post=91"}],"version-history":[{"count":2,"href":"https:\/\/rostocktrelleborg.com\/no\/wp-json\/wp\/v2\/pages\/91\/revisions"}],"predecessor-version":[{"id":124,"href":"https:\/\/rostocktrelleborg.com\/no\/wp-json\/wp\/v2\/pages\/91\/revisions\/124"}],"wp:attachment":[{"href":"https:\/\/rostocktrelleborg.com\/no\/wp-json\/wp\/v2\/media?parent=91"}],"curies":[{"name":"wp","href":"https:\/\/api.w.org\/{rel}","templated":true}]}}