{"id":144,"date":"2024-05-01T12:22:04","date_gmt":"2024-05-01T12:22:04","guid":{"rendered":"https:\/\/rostocktrelleborg.com\/se\/?page_id=144"},"modified":"2025-06-27T08:37:59","modified_gmt":"2025-06-27T08:37:59","slug":"avtryck","status":"publish","type":"page","link":"https:\/\/rostocktrelleborg.com\/se\/avtryck\/","title":{"rendered":"Avtryck"},"content":{"rendered":"\n<p>Imprint RostockTrelleborg.com<\/p>\n\n\n\n<h2 class=\"wp-block-heading\">F\u00f6retagsinformation<\/h2>\n\n\n\n<p><strong>RostockTrelleborg.com<\/strong><br><strong>Handelskammarens nummer:<\/strong> 76725170<\/p>\n\n\n\n<h2 class=\"wp-block-heading\">Adress<\/h2>\n\n\n\n<p>Energieweg 39<br>2421 LX Nieuwkoop<br>Nederl\u00e4nderna<\/p>\n\n\n\n<h2 class=\"wp-block-heading\">Direkt\u00f6rer<\/h2>\n\n\n\n<p>B. Tigchelaar<\/p>\n\n\n\n<h2 class=\"wp-block-heading\">Kontakt<\/h2>\n\n\n\n<ul class=\"wp-block-list\">\n<li><a href=\"https:\/\/rostocktrelleborg.com\/se\/om-oss\/\">Kontaktformul\u00e4r<\/a><\/li>\n<\/ul>\n","protected":false},"excerpt":{"rendered":"<p>Imprint RostockTrelleborg.com F\u00f6retagsinformation RostockTrelleborg.comHandelskammarens nummer: 76725170 Adress Energieweg 392421 LX NieuwkoopNederl\u00e4nderna Direkt\u00f6rer B. Tigchelaar Kontakt<\/p>\n","protected":false},"author":2,"featured_media":0,"parent":0,"menu_order":0,"comment_status":"closed","ping_status":"closed","template":"","meta":{"inline_featured_image":false,"site-sidebar-layout":"default","site-content-layout":"","ast-site-content-layout":"default","site-content-style":"default","site-sidebar-style":"default","ast-global-header-display":"","ast-banner-title-visibility":"","ast-main-header-display":"","ast-hfb-above-header-display":"","ast-hfb-below-header-display":"","ast-hfb-mobile-header-display":"","site-post-title":"","ast-breadcrumbs-content":"","ast-featured-img":"","footer-sml-layout":"","theme-transparent-header-meta":"","adv-header-id-meta":"","stick-header-meta":"","header-above-stick-meta":"","header-main-stick-meta":"","header-below-stick-meta":"","astra-migrate-meta-layouts":"default","ast-page-background-enabled":"default","ast-page-background-meta":{"desktop":{"background-color":"var(--ast-global-color-4)","background-image":"","background-repeat":"repeat","background-position":"center center","background-size":"auto","background-attachment":"scroll","background-type":"","background-media":"","overlay-type":"","overlay-color":"","overlay-opacity":"","overlay-gradient":""},"tablet":{"background-color":"","background-image":"","background-repeat":"repeat","background-position":"center center","background-size":"auto","background-attachment":"scroll","background-type":"","background-media":"","overlay-type":"","overlay-color":"","overlay-opacity":"","overlay-gradient":""},"mobile":{"background-color":"","background-image":"","background-repeat":"repeat","background-position":"center center","background-size":"auto","background-attachment":"scroll","background-type":"","background-media":"","overlay-type":"","overlay-color":"","overlay-opacity":"","overlay-gradient":""}},"ast-content-background-meta":{"desktop":{"background-color":"var(--ast-global-color-5)","background-image":"","background-repeat":"repeat","background-position":"center center","background-size":"auto","background-attachment":"scroll","background-type":"","background-media":"","overlay-type":"","overlay-color":"","overlay-opacity":"","overlay-gradient":""},"tablet":{"background-color":"var(--ast-global-color-5)","background-image":"","background-repeat":"repeat","background-position":"center center","background-size":"auto","background-attachment":"scroll","background-type":"","background-media":"","overlay-type":"","overlay-color":"","overlay-opacity":"","overlay-gradient":""},"mobile":{"background-color":"var(--ast-global-color-5)","background-image":"","background-repeat":"repeat","background-position":"center center","background-size":"auto","background-attachment":"scroll","background-type":"","background-media":"","overlay-type":"","overlay-color":"","overlay-opacity":"","overlay-gradient":""}},"footnotes":""},"class_list":["post-144","page","type-page","status-publish","hentry"],"yoast_head":"<!-- This site is optimized with the Yoast SEO plugin v25.3 - https:\/\/yoast.com\/wordpress\/plugins\/seo\/ -->\n<title>Avtryck - F\u00e4rjor fr\u00e5n Trelleborg till Rostock<\/title>\n<meta name=\"description\" content=\"L\u00e4s mer om RostockTrelleborg och ansvarig i f\u00f6rlaget.\" \/>\n<meta name=\"robots\" content=\"index, follow, max-snippet:-1, max-image-preview:large, max-video-preview:-1\" \/>\n<link rel=\"canonical\" href=\"https:\/\/rostocktrelleborg.com\/se\/avtryck\/\" \/>\n<meta property=\"og:locale\" content=\"sv_SE\" \/>\n<meta property=\"og:type\" content=\"article\" \/>\n<meta property=\"og:title\" content=\"Avtryck - F\u00e4rjor fr\u00e5n Trelleborg till Rostock\" \/>\n<meta property=\"og:description\" content=\"L\u00e4s mer om RostockTrelleborg och ansvarig i f\u00f6rlaget.\" \/>\n<meta property=\"og:url\" content=\"https:\/\/rostocktrelleborg.com\/se\/avtryck\/\" \/>\n<meta property=\"og:site_name\" content=\"F\u00e4rjor fr\u00e5n Trelleborg till Rostock\" \/>\n<meta property=\"article:modified_time\" content=\"2025-06-27T08:37:59+00:00\" \/>\n<meta name=\"twitter:card\" content=\"summary_large_image\" \/>\n<script type=\"application\/ld+json\" class=\"yoast-schema-graph\">{\"@context\":\"https:\/\/schema.org\",\"@graph\":[{\"@type\":\"WebPage\",\"@id\":\"https:\/\/rostocktrelleborg.com\/se\/avtryck\/\",\"url\":\"https:\/\/rostocktrelleborg.com\/se\/avtryck\/\",\"name\":\"Avtryck - F\u00e4rjor fr\u00e5n Trelleborg till Rostock\",\"isPartOf\":{\"@id\":\"https:\/\/rostocktrelleborg.com\/se\/#website\"},\"datePublished\":\"2024-05-01T12:22:04+00:00\",\"dateModified\":\"2025-06-27T08:37:59+00:00\",\"description\":\"L\u00e4s mer om RostockTrelleborg och ansvarig i f\u00f6rlaget.\",\"breadcrumb\":{\"@id\":\"https:\/\/rostocktrelleborg.com\/se\/avtryck\/#breadcrumb\"},\"inLanguage\":\"sv-SE\",\"potentialAction\":[{\"@type\":\"ReadAction\",\"target\":[\"https:\/\/rostocktrelleborg.com\/se\/avtryck\/\"]}]},{\"@type\":\"BreadcrumbList\",\"@id\":\"https:\/\/rostocktrelleborg.com\/se\/avtryck\/#breadcrumb\",\"itemListElement\":[{\"@type\":\"ListItem\",\"position\":1,\"name\":\"Home\",\"item\":\"https:\/\/rostocktrelleborg.com\/se\/\"},{\"@type\":\"ListItem\",\"position\":2,\"name\":\"Avtryck\"}]},{\"@type\":\"WebSite\",\"@id\":\"https:\/\/rostocktrelleborg.com\/se\/#website\",\"url\":\"https:\/\/rostocktrelleborg.com\/se\/\",\"name\":\"F\u00e4rjor fr\u00e5n Trelleborg till Rostock\",\"description\":\"\",\"publisher\":{\"@id\":\"https:\/\/rostocktrelleborg.com\/se\/#organization\"},\"potentialAction\":[{\"@type\":\"SearchAction\",\"target\":{\"@type\":\"EntryPoint\",\"urlTemplate\":\"https:\/\/rostocktrelleborg.com\/se\/?s={search_term_string}\"},\"query-input\":{\"@type\":\"PropertyValueSpecification\",\"valueRequired\":true,\"valueName\":\"search_term_string\"}}],\"inLanguage\":\"sv-SE\"},{\"@type\":\"Organization\",\"@id\":\"https:\/\/rostocktrelleborg.com\/se\/#organization\",\"name\":\"F\u00e4rjor fr\u00e5n Trelleborg till Rostock\",\"url\":\"https:\/\/rostocktrelleborg.com\/se\/\",\"logo\":{\"@type\":\"ImageObject\",\"inLanguage\":\"sv-SE\",\"@id\":\"https:\/\/rostocktrelleborg.com\/se\/#\/schema\/logo\/image\/\",\"url\":\"https:\/\/rostocktrelleborg.com\/se\/wp-content\/uploads\/sites\/4\/2024\/03\/rostocktrelleborg-2.svg\",\"contentUrl\":\"https:\/\/rostocktrelleborg.com\/se\/wp-content\/uploads\/sites\/4\/2024\/03\/rostocktrelleborg-2.svg\",\"width\":500,\"height\":91,\"caption\":\"F\u00e4rjor fr\u00e5n Trelleborg till Rostock\"},\"image\":{\"@id\":\"https:\/\/rostocktrelleborg.com\/se\/#\/schema\/logo\/image\/\"}}]}<\/script>\n<!-- \/ Yoast SEO plugin. -->","yoast_head_json":{"title":"Avtryck - F\u00e4rjor fr\u00e5n Trelleborg till Rostock","description":"L\u00e4s mer om RostockTrelleborg och ansvarig i f\u00f6rlaget.","robots":{"index":"index","follow":"follow","max-snippet":"max-snippet:-1","max-image-preview":"max-image-preview:large","max-video-preview":"max-video-preview:-1"},"canonical":"https:\/\/rostocktrelleborg.com\/se\/avtryck\/","og_locale":"sv_SE","og_type":"article","og_title":"Avtryck - F\u00e4rjor fr\u00e5n Trelleborg till Rostock","og_description":"L\u00e4s mer om RostockTrelleborg och ansvarig i f\u00f6rlaget.","og_url":"https:\/\/rostocktrelleborg.com\/se\/avtryck\/","og_site_name":"F\u00e4rjor fr\u00e5n Trelleborg till Rostock","article_modified_time":"2025-06-27T08:37:59+00:00","twitter_card":"summary_large_image","schema":{"@context":"https:\/\/schema.org","@graph":[{"@type":"WebPage","@id":"https:\/\/rostocktrelleborg.com\/se\/avtryck\/","url":"https:\/\/rostocktrelleborg.com\/se\/avtryck\/","name":"Avtryck - F\u00e4rjor fr\u00e5n Trelleborg till Rostock","isPartOf":{"@id":"https:\/\/rostocktrelleborg.com\/se\/#website"},"datePublished":"2024-05-01T12:22:04+00:00","dateModified":"2025-06-27T08:37:59+00:00","description":"L\u00e4s mer om RostockTrelleborg och ansvarig i f\u00f6rlaget.","breadcrumb":{"@id":"https:\/\/rostocktrelleborg.com\/se\/avtryck\/#breadcrumb"},"inLanguage":"sv-SE","potentialAction":[{"@type":"ReadAction","target":["https:\/\/rostocktrelleborg.com\/se\/avtryck\/"]}]},{"@type":"BreadcrumbList","@id":"https:\/\/rostocktrelleborg.com\/se\/avtryck\/#breadcrumb","itemListElement":[{"@type":"ListItem","position":1,"name":"Home","item":"https:\/\/rostocktrelleborg.com\/se\/"},{"@type":"ListItem","position":2,"name":"Avtryck"}]},{"@type":"WebSite","@id":"https:\/\/rostocktrelleborg.com\/se\/#website","url":"https:\/\/rostocktrelleborg.com\/se\/","name":"F\u00e4rjor fr\u00e5n Trelleborg till Rostock","description":"","publisher":{"@id":"https:\/\/rostocktrelleborg.com\/se\/#organization"},"potentialAction":[{"@type":"SearchAction","target":{"@type":"EntryPoint","urlTemplate":"https:\/\/rostocktrelleborg.com\/se\/?s={search_term_string}"},"query-input":{"@type":"PropertyValueSpecification","valueRequired":true,"valueName":"search_term_string"}}],"inLanguage":"sv-SE"},{"@type":"Organization","@id":"https:\/\/rostocktrelleborg.com\/se\/#organization","name":"F\u00e4rjor fr\u00e5n Trelleborg till Rostock","url":"https:\/\/rostocktrelleborg.com\/se\/","logo":{"@type":"ImageObject","inLanguage":"sv-SE","@id":"https:\/\/rostocktrelleborg.com\/se\/#\/schema\/logo\/image\/","url":"https:\/\/rostocktrelleborg.com\/se\/wp-content\/uploads\/sites\/4\/2024\/03\/rostocktrelleborg-2.svg","contentUrl":"https:\/\/rostocktrelleborg.com\/se\/wp-content\/uploads\/sites\/4\/2024\/03\/rostocktrelleborg-2.svg","width":500,"height":91,"caption":"F\u00e4rjor fr\u00e5n Trelleborg till Rostock"},"image":{"@id":"https:\/\/rostocktrelleborg.com\/se\/#\/schema\/logo\/image\/"}}]}},"_links":{"self":[{"href":"https:\/\/rostocktrelleborg.com\/se\/wp-json\/wp\/v2\/pages\/144","targetHints":{"allow":["GET"]}}],"collection":[{"href":"https:\/\/rostocktrelleborg.com\/se\/wp-json\/wp\/v2\/pages"}],"about":[{"href":"https:\/\/rostocktrelleborg.com\/se\/wp-json\/wp\/v2\/types\/page"}],"author":[{"embeddable":true,"href":"https:\/\/rostocktrelleborg.com\/se\/wp-json\/wp\/v2\/users\/2"}],"replies":[{"embeddable":true,"href":"https:\/\/rostocktrelleborg.com\/se\/wp-json\/wp\/v2\/comments?post=144"}],"version-history":[{"count":2,"href":"https:\/\/rostocktrelleborg.com\/se\/wp-json\/wp\/v2\/pages\/144\/revisions"}],"predecessor-version":[{"id":160,"href":"https:\/\/rostocktrelleborg.com\/se\/wp-json\/wp\/v2\/pages\/144\/revisions\/160"}],"wp:attachment":[{"href":"https:\/\/rostocktrelleborg.com\/se\/wp-json\/wp\/v2\/media?parent=144"}],"curies":[{"name":"wp","href":"https:\/\/api.w.org\/{rel}","templated":true}]}}